{"id":673,"date":"2022-02-26T16:58:20","date_gmt":"2022-02-26T13:58:20","guid":{"rendered":"https:\/\/yaaandex.ru\/prevod-spletne-strani\/"},"modified":"2022-06-16T15:09:05","modified_gmt":"2022-06-16T12:09:05","slug":"prevod-spletne-strani","status":"publish","type":"page","link":"https:\/\/aatranslate.com\/sl\/prevod-spletne-strani\/","title":{"rendered":"Prevod <span class=\"blue__text\">spletne strani<\/span>"},"content":{"rendered":"\n<div class=\"icon__cpunt\">\n<div class=\"icon__grid\">\n<div class=\"icon__v\">\n<div class=\"number__of__post\">1<\/div>\n<div><p class=\"ht2\">PR in ogla\u0161evanje sta motor trgovine<\/p>\n<p>Za va\u0161o spletno stran bomo prevedli vse vrste marketin\u0161kih, reklamnih in PR besedil. <\/p>\n<\/div>\n<\/div>\n<div class=\"icon__v\">\n<div class=\"number__of__post\">2<\/div>\n<div><p class=\"ht2\">Individualnost je na prvem mestu<\/p>\n<p>Ni vam treba skrbeti, da bosta slog in blagovna znamka va\u0161ega spletnega mesta ohranjena. <\/p>\n<\/div>\n<\/div>\n<div class=\"icon__v\">\n<div class=\"number__of__post\">3<\/div>\n<div><p class=\"ht2\">Razumemo, kaj prevajamo<\/p>\n<p>Va\u0161e prevode zaupamo samo visoko usposobljenim strokovnjakom. <\/p>\n<\/div>\n<\/div>\n<\/div>\n<\/div>\n<p>Vedno vam z veseljem pomagamo pri lokalizaciji va\u0161ega projekta! Na\u0161i profesionalni prevajalci ne bodo samo kakovostno prevedli katerega koli gradiva na va\u0161i strani, temve\u010d ga bodo tudi prilagodili kulturnim in jezikovnim zna\u010dilnostim ciljne regije. <\/p><br><p>Izvajamo tako prevajanje posameznih strani kot kompleksno lokalizacijo spletnih projektov z dolgoletno podporo in prevajanjem posodobitev. <\/p>\n\n\n<h2>Na\u0161e storitve <span class=\"blue__text\">prevajanja spletnih strani<\/span><\/h2>\n<br><div class=\"r_uslugi__grid\">\n  <div class=\"plashka\">\n    <div class=\"plashaka__disc\"><p class=\"ht3 blue__text\">Celovita lokalizacija spletnega mesta<\/p><br><p class=\"left\">Prevedli bomo katero koli spletno stran &#8211; od vizitke do korporativnega portala<\/p><br><br><a class=\"btncustom_m\">Naro\u010dite<\/a><\/div>\n    <img decoding=\"async\" class=\"img-s\" src=\"\/wp-content\/themes\/translate\/assets\/images\/lokalizaciya-saitov.jpg\"><\/div>\n  <div class=\"plashka\">\n    <div class=\"plashaka__disc\"><p class=\"ht3 blue__text\">Popolna prilagoditev vsebine<\/p><br><p class=\"left\">Upo\u0161tevali bomo jezikovne in kulturne zna\u010dilnosti ciljne regije <\/p><br><br><a class=\"btncustom_m\">Naro\u010dite<\/a><\/div>\n    <img decoding=\"async\" class=\"img-s\" src=\"\/wp-content\/themes\/translate\/assets\/images\/adaptaciya-kontenta.jpg\"><\/div>\n  <div class=\"plashka\">\n    <div class=\"plashaka__disc\"><p class=\"ht3 blue__text\">Prevajanje medijskih materialov<\/p><br><p class=\"left\">Ali ima spletno mesto avdio in video vsebine? Ne skrbite &#8211; mi jih bomo prevedli!<\/p><br><br><a class=\"btncustom_m\">Naro\u010dite<\/a><\/div>\n    <img decoding=\"async\" class=\"img-s\" src=\"\/wp-content\/themes\/translate\/assets\/images\/perevod-media-kontenta.jpg\"><\/div>\n<\/div>\n<br><br><p class=\"center\">Popolnoma vse teme in vrste prevajanja. Nujni prevod. Prilagoditev besedilnih materialov. <\/p>\n<br><br>\n","protected":false},"excerpt":{"rendered":"<p>1 PR in ogla\u0161evanje sta motor trgovine Za va\u0161o spletno stran bomo prevedli vse vrste marketin\u0161kih, reklamnih in PR besedil. 2 Individualnost je na prvem mestu Ni vam treba skrbeti, da bosta slog in blagovna znamka va\u0161ega spletnega mesta ohranjena. 3 Razumemo, kaj prevajamo Va\u0161e prevode zaupamo samo visoko usposobljenim strokovnjakom. Vedno vam z veseljem [&hellip;]<\/p>\n","protected":false},"author":1,"featured_media":0,"parent":0,"menu_order":0,"comment_status":"closed","ping_status":"closed","template":"","meta":{"footnotes":""},"class_list":["post-673","page","type-page","status-publish","hentry"],"yoast_head":"<!-- This site is optimized with the Yoast SEO plugin v27.5 - https:\/\/yoast.com\/product\/yoast-seo-wordpress\/ -->\n<title>Prevajanje spletnih strani - prevajalska agencija Translate<\/title>\n<meta name=\"robots\" content=\"index, follow, max-snippet:-1, max-image-preview:large, max-video-preview:-1\" \/>\n<link rel=\"canonical\" href=\"https:\/\/aatranslate.com\/sl\/prevod-spletne-strani\/\" \/>\n<meta property=\"og:locale\" content=\"sl_SI\" \/>\n<meta property=\"og:type\" content=\"article\" \/>\n<meta property=\"og:title\" content=\"Prevajanje spletnih strani - prevajalska agencija Translate\" \/>\n<meta property=\"og:description\" content=\"1 PR in ogla\u0161evanje sta motor trgovine Za va\u0161o spletno stran bomo prevedli vse vrste marketin\u0161kih, reklamnih in PR besedil. 2 Individualnost je na prvem mestu Ni vam treba skrbeti, da bosta slog in blagovna znamka va\u0161ega spletnega mesta ohranjena. 3 Razumemo, kaj prevajamo Va\u0161e prevode zaupamo samo visoko usposobljenim strokovnjakom. Vedno vam z veseljem [&hellip;]\" \/>\n<meta property=\"og:url\" content=\"https:\/\/aatranslate.com\/sl\/prevod-spletne-strani\/\" \/>\n<meta property=\"og:site_name\" content=\"\u0411\u044e\u0440\u043e \u043f\u0435\u0440\u0435\u0432\u043e\u0434\u043e\u0432 &quot;\u0410\u0410\u0422&quot; - \u043f\u0435\u0440\u0435\u0432\u043e\u0434 \u0434\u043e\u043a\u0443\u043c\u0435\u043d\u0442\u043e\u0432 \u0438 \u043a\u043e\u043d\u0442\u0435\u043d\u0442\u0430 \u0432 \u041c\u043e\u0441\u043a\u0432\u0435\" \/>\n<meta property=\"article:modified_time\" content=\"2022-06-16T12:09:05+00:00\" \/>\n<meta name=\"twitter:card\" content=\"summary_large_image\" \/>\n<meta name=\"twitter:label1\" content=\"Est. reading time\" \/>\n\t<meta name=\"twitter:data1\" content=\"2 minuti\" \/>\n<script type=\"application\/ld+json\" class=\"yoast-schema-graph\">{\"@context\":\"https:\\\/\\\/schema.org\",\"@graph\":[{\"@type\":\"WebPage\",\"@id\":\"https:\\\/\\\/aatranslate.com\\\/sl\\\/prevod-spletne-strani\\\/\",\"url\":\"https:\\\/\\\/aatranslate.com\\\/sl\\\/prevod-spletne-strani\\\/\",\"name\":\"Prevajanje spletnih strani - prevajalska agencija Translate\",\"isPartOf\":{\"@id\":\"https:\\\/\\\/aatranslate.com\\\/sl\\\/#website\"},\"datePublished\":\"2022-02-26T13:58:20+00:00\",\"dateModified\":\"2022-06-16T12:09:05+00:00\",\"breadcrumb\":{\"@id\":\"https:\\\/\\\/aatranslate.com\\\/sl\\\/prevod-spletne-strani\\\/#breadcrumb\"},\"inLanguage\":\"sl-SI\",\"potentialAction\":[{\"@type\":\"ReadAction\",\"target\":[\"https:\\\/\\\/aatranslate.com\\\/sl\\\/prevod-spletne-strani\\\/\"]}]},{\"@type\":\"BreadcrumbList\",\"@id\":\"https:\\\/\\\/aatranslate.com\\\/sl\\\/prevod-spletne-strani\\\/#breadcrumb\",\"itemListElement\":[{\"@type\":\"ListItem\",\"position\":1,\"name\":\"\u0413\u043b\u0430\u0432\u043d\u0430\u044f \u0441\u0442\u0440\u0430\u043d\u0438\u0446\u0430\",\"item\":\"https:\\\/\\\/aatranslate.com\\\/sl\\\/\"},{\"@type\":\"ListItem\",\"position\":2,\"name\":\"Prevod spletne strani\"}]},{\"@type\":\"WebSite\",\"@id\":\"https:\\\/\\\/aatranslate.com\\\/sl\\\/#website\",\"url\":\"https:\\\/\\\/aatranslate.com\\\/sl\\\/\",\"name\":\"\u0411\u044e\u0440\u043e \u043f\u0435\u0440\u0435\u0432\u043e\u0434\u043e\u0432 &quot;\u0410\u0410\u0422&quot; - \u043f\u0435\u0440\u0435\u0432\u043e\u0434 \u0434\u043e\u043a\u0443\u043c\u0435\u043d\u0442\u043e\u0432 \u0438 \u043a\u043e\u043d\u0442\u0435\u043d\u0442\u0430 \u0432 \u041c\u043e\u0441\u043a\u0432\u0435\",\"description\":\"\u0411\u044e\u0440\u043e \u043f\u0435\u0440\u0435\u0432\u043e\u0434\u043e\u0432 \u0410\u0410\u0422 \u0431\u044b\u0441\u0442\u0440\u043e \u0438 \u043a\u0430\u0447\u0435\u0441\u0442\u0432\u0435\u043d\u043d\u043e \u0432\u044b\u043f\u043e\u043b\u043d\u0438\u0442 \u043f\u0435\u0440\u0435\u0432\u043e\u0434 \u043b\u044e\u0431\u043e\u0439 \u0442\u0435\u043c\u0430\u0442\u0438\u043a\u0438, \u0441\u043b\u043e\u0436\u043d\u043e\u0441\u0442\u0438 \u0438 \u043e\u0431\u044a\u0435\u043c\u0430 \u0431\u043e\u043b\u0435\u0435 \u0447\u0435\u043c \u0441\u043e 100 \u044f\u0437\u044b\u043a\u043e\u0432. \u041d\u0438\u0437\u043a\u0438\u0435 \u0446\u0435\u043d\u044b \u0438 \u0431\u044b\u0441\u0442\u0440\u044b\u0435 \u0441\u0440\u043e\u043a\u0438\",\"potentialAction\":[{\"@type\":\"SearchAction\",\"target\":{\"@type\":\"EntryPoint\",\"urlTemplate\":\"https:\\\/\\\/aatranslate.com\\\/sl\\\/?s={search_term_string}\"},\"query-input\":{\"@type\":\"PropertyValueSpecification\",\"valueRequired\":true,\"valueName\":\"search_term_string\"}}],\"inLanguage\":\"sl-SI\"}]}<\/script>\n<!-- \/ Yoast SEO plugin. -->","yoast_head_json":{"title":"Prevajanje spletnih strani - prevajalska agencija Translate","robots":{"index":"index","follow":"follow","max-snippet":"max-snippet:-1","max-image-preview":"max-image-preview:large","max-video-preview":"max-video-preview:-1"},"canonical":"https:\/\/aatranslate.com\/sl\/prevod-spletne-strani\/","og_locale":"sl_SI","og_type":"article","og_title":"Prevajanje spletnih strani - prevajalska agencija Translate","og_description":"1 PR in ogla\u0161evanje sta motor trgovine Za va\u0161o spletno stran bomo prevedli vse vrste marketin\u0161kih, reklamnih in PR besedil. 2 Individualnost je na prvem mestu Ni vam treba skrbeti, da bosta slog in blagovna znamka va\u0161ega spletnega mesta ohranjena. 3 Razumemo, kaj prevajamo Va\u0161e prevode zaupamo samo visoko usposobljenim strokovnjakom. Vedno vam z veseljem [&hellip;]","og_url":"https:\/\/aatranslate.com\/sl\/prevod-spletne-strani\/","og_site_name":"\u0411\u044e\u0440\u043e \u043f\u0435\u0440\u0435\u0432\u043e\u0434\u043e\u0432 &quot;\u0410\u0410\u0422&quot; - \u043f\u0435\u0440\u0435\u0432\u043e\u0434 \u0434\u043e\u043a\u0443\u043c\u0435\u043d\u0442\u043e\u0432 \u0438 \u043a\u043e\u043d\u0442\u0435\u043d\u0442\u0430 \u0432 \u041c\u043e\u0441\u043a\u0432\u0435","article_modified_time":"2022-06-16T12:09:05+00:00","twitter_card":"summary_large_image","twitter_misc":{"Est. reading time":"2 minuti"},"schema":{"@context":"https:\/\/schema.org","@graph":[{"@type":"WebPage","@id":"https:\/\/aatranslate.com\/sl\/prevod-spletne-strani\/","url":"https:\/\/aatranslate.com\/sl\/prevod-spletne-strani\/","name":"Prevajanje spletnih strani - prevajalska agencija Translate","isPartOf":{"@id":"https:\/\/aatranslate.com\/sl\/#website"},"datePublished":"2022-02-26T13:58:20+00:00","dateModified":"2022-06-16T12:09:05+00:00","breadcrumb":{"@id":"https:\/\/aatranslate.com\/sl\/prevod-spletne-strani\/#breadcrumb"},"inLanguage":"sl-SI","potentialAction":[{"@type":"ReadAction","target":["https:\/\/aatranslate.com\/sl\/prevod-spletne-strani\/"]}]},{"@type":"BreadcrumbList","@id":"https:\/\/aatranslate.com\/sl\/prevod-spletne-strani\/#breadcrumb","itemListElement":[{"@type":"ListItem","position":1,"name":"\u0413\u043b\u0430\u0432\u043d\u0430\u044f \u0441\u0442\u0440\u0430\u043d\u0438\u0446\u0430","item":"https:\/\/aatranslate.com\/sl\/"},{"@type":"ListItem","position":2,"name":"Prevod spletne strani"}]},{"@type":"WebSite","@id":"https:\/\/aatranslate.com\/sl\/#website","url":"https:\/\/aatranslate.com\/sl\/","name":"\u0411\u044e\u0440\u043e \u043f\u0435\u0440\u0435\u0432\u043e\u0434\u043e\u0432 &quot;\u0410\u0410\u0422&quot; - \u043f\u0435\u0440\u0435\u0432\u043e\u0434 \u0434\u043e\u043a\u0443\u043c\u0435\u043d\u0442\u043e\u0432 \u0438 \u043a\u043e\u043d\u0442\u0435\u043d\u0442\u0430 \u0432 \u041c\u043e\u0441\u043a\u0432\u0435","description":"\u0411\u044e\u0440\u043e \u043f\u0435\u0440\u0435\u0432\u043e\u0434\u043e\u0432 \u0410\u0410\u0422 \u0431\u044b\u0441\u0442\u0440\u043e \u0438 \u043a\u0430\u0447\u0435\u0441\u0442\u0432\u0435\u043d\u043d\u043e \u0432\u044b\u043f\u043e\u043b\u043d\u0438\u0442 \u043f\u0435\u0440\u0435\u0432\u043e\u0434 \u043b\u044e\u0431\u043e\u0439 \u0442\u0435\u043c\u0430\u0442\u0438\u043a\u0438, \u0441\u043b\u043e\u0436\u043d\u043e\u0441\u0442\u0438 \u0438 \u043e\u0431\u044a\u0435\u043c\u0430 \u0431\u043e\u043b\u0435\u0435 \u0447\u0435\u043c \u0441\u043e 100 \u044f\u0437\u044b\u043a\u043e\u0432. \u041d\u0438\u0437\u043a\u0438\u0435 \u0446\u0435\u043d\u044b \u0438 \u0431\u044b\u0441\u0442\u0440\u044b\u0435 \u0441\u0440\u043e\u043a\u0438","potentialAction":[{"@type":"SearchAction","target":{"@type":"EntryPoint","urlTemplate":"https:\/\/aatranslate.com\/sl\/?s={search_term_string}"},"query-input":{"@type":"PropertyValueSpecification","valueRequired":true,"valueName":"search_term_string"}}],"inLanguage":"sl-SI"}]}},"_links":{"self":[{"href":"https:\/\/aatranslate.com\/sl\/wp-json\/wp\/v2\/pages\/673","targetHints":{"allow":["GET"]}}],"collection":[{"href":"https:\/\/aatranslate.com\/sl\/wp-json\/wp\/v2\/pages"}],"about":[{"href":"https:\/\/aatranslate.com\/sl\/wp-json\/wp\/v2\/types\/page"}],"author":[{"embeddable":true,"href":"https:\/\/aatranslate.com\/sl\/wp-json\/wp\/v2\/users\/1"}],"replies":[{"embeddable":true,"href":"https:\/\/aatranslate.com\/sl\/wp-json\/wp\/v2\/comments?post=673"}],"version-history":[{"count":2,"href":"https:\/\/aatranslate.com\/sl\/wp-json\/wp\/v2\/pages\/673\/revisions"}],"predecessor-version":[{"id":763,"href":"https:\/\/aatranslate.com\/sl\/wp-json\/wp\/v2\/pages\/673\/revisions\/763"}],"wp:attachment":[{"href":"https:\/\/aatranslate.com\/sl\/wp-json\/wp\/v2\/media?parent=673"}],"curies":[{"name":"wp","href":"https:\/\/api.w.org\/{rel}","templated":true}]}}