{"id":668,"date":"2022-03-23T19:49:03","date_gmt":"2022-03-23T16:49:03","guid":{"rendered":"https:\/\/yaaandex.ru\/pisni-prevod\/"},"modified":"2022-06-17T18:08:21","modified_gmt":"2022-06-17T15:08:21","slug":"pisni-prevod","status":"publish","type":"page","link":"https:\/\/aatranslate.com\/sl\/pisni-prevod\/","title":{"rendered":"<span class=\"blue__text\">Pisni<\/span> prevod"},"content":{"rendered":"\n<div class=\"icon__cpunt\">\n  <div class=\"icon__grid\">\n    <div class=\"icon__v\">\n      <div class=\"number__of__post\">1<\/div>\n      <div><p class=\"ht2\">Ali ste prejeli pismo v tujem jeziku?<\/p><p>Po\u0161ljite nam ga in vrnili vam bomo visokokakovosten prevod v najkraj\u0161em \u010dasu!<\/p><\/div>\n    <\/div>\n    <div class=\"icon__v\">\n      <div class=\"number__of__post\">2<\/div>\n      <div><p class=\"ht2\">Je va\u0161 osebni prevajalec zbolel?<\/p><p>Z veseljem bomo poskrbeli za prevod katere koli va\u0161e dokumentacije.<\/p><\/div>\n    <\/div>\n    <div class=\"icon__v\">\n      <div class=\"number__of__post\">3<\/div>\n      <div><p class=\"ht2\">Prevajamo dobro in veliko!<\/p><p>Naro\u010dite pisni prevod do 200.000 znakov na dan. Zagotavljamo vam, da bomo vse zaklju\u010dili pravo\u010dasno!<\/p><\/div>\n    <\/div>\n  <\/div>\n<\/div>\n\n<h2>Na\u0161e <span class=\"blue__text\">prevajalske<\/span> storitve<\/h2>\n<br><div class=\"r_uslugi__grid\">\n  <div class=\"plashka\">\n    <div class=\"plashaka__disc\"><p class=\"ht3 blue__text\">Prevajanje besedil, \u010dlankov in pisnih vsebin<\/p><br><p class=\"left\">Profesionalna lokalizacija kakr\u0161nega koli besedilnega gradiva. Prilagoditev besedil ob upo\u0161tevanju kulturnih in jezikovnih norm.<\/p><br><br><a class=\"btncustom_m\">Naro\u010dite<\/a><\/div>\n    <img decoding=\"async\" class=\"img-s\" src=\"\/wp-content\/themes\/translate\/assets\/images\/perevod__tekst.jpg\"><\/div>\n  <div class=\"plashka\">\n    <div class=\"plashaka__disc\"><p class=\"ht3 blue__text\">Prevajanje poslovne korespondence in dokumentacije<\/p><br><p class=\"left\">V poslu ne bi smelo biti meja za poslovno komunikacijo. Pomagali vam bomo pri povezovanju z va\u0161imi partnerji in strankami.<\/p><br><br><a class=\"btncustom_m\">Naro\u010dite<\/a><\/div>\n    <img decoding=\"async\" class=\"img-s\" src=\"\/wp-content\/themes\/translate\/assets\/images\/perevod-dokumentov.jpg\"><\/div>\n  <div class=\"plashka\">\n    <div class=\"plashaka__disc\"><p class=\"ht3 blue__text\">Literarni prevod<\/p><br><p class=\"left\">Umetni\u0161ko delo mora biti ne le prevedeno, ampak mora ohraniti tudi avtorski slog ob upo\u0161tevanju kulturnih in jezikovnih norm.<\/p><br><br><a class=\"btncustom_m\">Naro\u010dite<\/a><\/div>\n    <img decoding=\"async\" class=\"img-s\" src=\"\/wp-content\/themes\/translate\/assets\/images\/perevod-knig.jpg\"><\/div>\n<\/div>\n<br><br><p class=\"center\">Popolnoma vse teme in vrste prevajanja. Nujni prevod. Prilagoditev besedilnih materialov. <\/p>\n<br><br><div class=\"full__screan blue__bg2\">\n  <div class=\"main__container\">\n    <br><br><h3 class=\"white\">Na\u0161e cene za <span class=\"yelow\">prevod<\/span><\/h3>\n    <br><div class=\"big__price__grid\">\n<div>\n    <div class=\"price__grid\">\n      <div class=\"left__column\">angle\u0161ki<\/div>\n      <div class=\"right__column\"><span class=\"yelow\">261 RUB\/1000 znakov<\/span><\/div>\n      \n      <div class=\"left__column\">arabski<\/div>\n      <div class=\"right__column\">550 RUB\/1000 znakov<\/div>\n      \n      <div class=\"left__column\">bolgarski<\/div>\n      <div class=\"right__column\">278 RUB\/1000 znakov<\/div>\n\n      <div class=\"left__column\">mad\u017earski<\/div>\n      <div class=\"right__column\">389 RUB\/1000 znakov<\/div>\n\n      <div class=\"left__column\">nizozemski<\/div>\n      <div class=\"right__column\">340 RUB\/1000 znakov<\/div>\n\n      <div class=\"left__column\">gr\u0161ki<\/div>\n      <div class=\"right__column\">445 RUB\/1000 znakov<\/div>\n\n      <div class=\"left__column\">gruzijski<\/div>\n      <div class=\"right__column\">445 RUB\/1000 znakov<\/div>\n\n      <div class=\"left__column\">hebrejski<\/div>\n      <div class=\"right__column\">445 RUB\/1000 znakov<\/div>\n\n      <div class=\"left__column\">\u0161panski<\/div>\n      <div class=\"right__column\">305 RUB\/1000 znakov<\/div>\n\n      <div class=\"left__column\">italijanski<\/div>\n      <div class=\"right__column\">305 RUB\/1000 znakov<\/div>\n\n      <div class=\"left__column\">katalonski<\/div>\n      <div class=\"right__column\">330 RUB\/1000 znakov<\/div>\n\n      <div class=\"left__column\">kitajski<\/div>\n      <div class=\"right__column\">470 RUB\/1000 znakov<\/div>\n\n      <div class=\"left__column\">korejski<\/div>\n      <div class=\"right__column\">500 RUB\/1000 znakov<\/div>\n\n      <div class=\"left__column\">latvijski<\/div>\n      <div class=\"right__column\">367 RUB\/1000 znakov<\/div>\n\n      <div class=\"left__column bottom__column\">litovski<\/div>\n      <div class=\"right__column bottom__column\">367 RUB\/1000 znakov<\/div>\n<\/div>\n<\/div>\n<div>\n<div class=\"price__grid\">\n      <div class=\"left__column\">poljski<\/div>\n      <div class=\"right__column\">306 RUB\/1000 znakov<\/div>\n\n      <div class=\"left__column\">nem\u0161ki<\/div>\n      <div class=\"right__column\">278 RUB\/1000 znakov<\/div>\n\n      <div class=\"left__column\">norve\u0161ki<\/div>\n      <div class=\"right__column\">630 RUB\/1000 znakov<\/div>\n\n      <div class=\"left__column\">portugalski<\/div>\n      <div class=\"right__column\">306 RUB\/1000 znakov<\/div>\n\n      <div class=\"left__column\">srbski<\/div>\n      <div class=\"right__column\">311 RUB\/1000 znakov<\/div>\n\n      <div class=\"left__column\">slovenski<\/div>\n      <div class=\"right__column\">311 RUB\/1000 znakov<\/div>\n\n      <div class=\"left__column\">tur\u0161ki<\/div>\n      <div class=\"right__column\">378 RUB\/1000 znakov<\/div>\n\n      <div class=\"left__column\">ukrajinski<\/div>\n      <div class=\"right__column\">250 RUB\/1000 znakov<\/div>\n\n      <div class=\"left__column\">finski<\/div>\n      <div class=\"right__column\">389 RUB\/1000 znakov<\/div>\n\n      <div class=\"left__column\">francoski<\/div>\n      <div class=\"right__column\">278 RUB\/1000 znakov<\/div>\n\n      <div class=\"left__column\">hrva\u0161ki<\/div>\n      <div class=\"right__column\">311 RUB\/1000 znakov<\/div>\n\n      <div class=\"left__column\">\u010de\u0161ki<\/div>\n      <div class=\"right__column\">317 RUB\/1000 znakov<\/div>\n\n      <div class=\"left__column\">\u0161vedski<\/div>\n      <div class=\"right__column\">389 RUB\/1000 znakov<\/div>\n\n      <div class=\"left__column\">japonski<\/div>\n      <div class=\"right__column\">472 RUB\/1000 znakov<\/div>\n\n      <div class=\"left__column bottom__column\">estonski<\/div>\n      <div class=\"right__column bottom__column\">367 RUB\/1000 znakov<\/div>\n      <\/div>\n      <\/div>\n    <\/div>\n    <br><br><br><div class=\"center\"><a class=\"btncustom\" href=\"#\">Naro\u010dite prevod<\/a><\/div>\n    \n    <br><br><br><br><\/div>\n<\/div>\n<h4>Zna\u010dilnosti <span class=\"blue__text\">pisnega prevoda<\/span><\/h4>\n<div class=\"stati__content__grid\">\n  <div><img decoding=\"async\" class=\"img-s bordered__img\" src=\"\/wp-content\/themes\/translate\/assets\/images\/pismenniy-perevod.jpg\"><\/div>\n  <div>\n<p><strong class=\"blue__text\">Pisni prevod<\/strong> pomeni prevod in razlago informacij, prejetih v pisni obliki iz enega jezika v drugega, z njihovim kasnej\u0161im zapisom.<\/p>\n<p>Obstaja ve\u010d vrst pisnega prevoda: popolni, prilagojeni in abstraktni prevod. Popolni prevod vklju\u010duje najbolj natan\u010dno ohranitev pomena in strukture prevedenega besedila. Prilagojeno prevajanje je namenjeno najbolj udobnemu prenosu pomena prevedenih informacij za zaznavanje s strani osebe, ki jo bere v drugem jeziku. Ta vrsta prevoda se uporablja v leposlovju, pri pisanju scenarijev.\nitd.<\/p>\n<p>Abstraktni prevod vklju\u010duje poudarjanje glavnega pomena prevedenega besedila, tako da se material skr\u010di, hkrati pa se ohrani njegov pomen. Ta vrsta prevoda je lahko bralcu uporabna, saj prihrani \u010das pri delu z veliko koli\u010dino informacij.<\/p>\n<p>Pisni prevod zahteva od prevajalca poznavanje slogovnih besednih zvez, ute\u010denih izrazov in posebnosti zaznavanja informacij s strani ljudi razli\u010dnih etni\u010dnih jezikovnih skupin.<\/p>\n  <\/div>\n<\/div>\n<br>\n\n\n\n<p><\/p>\n","protected":false},"excerpt":{"rendered":"<p>1 Ali ste prejeli pismo v tujem jeziku? Po\u0161ljite nam ga in vrnili vam bomo visokokakovosten prevod v najkraj\u0161em \u010dasu! 2 Je va\u0161 osebni prevajalec zbolel? Z veseljem bomo poskrbeli za prevod katere koli va\u0161e dokumentacije. 3 Prevajamo dobro in veliko! Naro\u010dite pisni prevod do 200.000 znakov na dan. Zagotavljamo vam, da bomo vse zaklju\u010dili [&hellip;]<\/p>\n","protected":false},"author":1,"featured_media":0,"parent":0,"menu_order":0,"comment_status":"closed","ping_status":"closed","template":"","meta":{"footnotes":""},"class_list":["post-668","page","type-page","status-publish","hentry"],"yoast_head":"<!-- This site is optimized with the Yoast SEO plugin v27.5 - https:\/\/yoast.com\/product\/yoast-seo-wordpress\/ -->\n<title>Pisni prevod v Moskvi. Hitro in poceni pri Translate Bureau<\/title>\n<meta name=\"description\" content=\"Iskali smo visokokakovosten, poceni in hiter prevod - z veseljem vam lahko ponudimo na\u0161e storitve za vse vrste prevajanja v Moskvi\" \/>\n<meta name=\"robots\" content=\"index, follow, max-snippet:-1, max-image-preview:large, max-video-preview:-1\" \/>\n<link rel=\"canonical\" href=\"https:\/\/aatranslate.com\/sl\/pisni-prevod\/\" \/>\n<meta property=\"og:locale\" content=\"sl_SI\" \/>\n<meta property=\"og:type\" content=\"article\" \/>\n<meta property=\"og:title\" content=\"Pisni prevod v Moskvi. Hitro in poceni pri Translate Bureau\" \/>\n<meta property=\"og:description\" content=\"Iskali smo visokokakovosten, poceni in hiter prevod - z veseljem vam lahko ponudimo na\u0161e storitve za vse vrste prevajanja v Moskvi\" \/>\n<meta property=\"og:url\" content=\"https:\/\/aatranslate.com\/sl\/pisni-prevod\/\" \/>\n<meta property=\"og:site_name\" content=\"\u0411\u044e\u0440\u043e \u043f\u0435\u0440\u0435\u0432\u043e\u0434\u043e\u0432 &quot;\u0410\u0410\u0422&quot; - \u043f\u0435\u0440\u0435\u0432\u043e\u0434 \u0434\u043e\u043a\u0443\u043c\u0435\u043d\u0442\u043e\u0432 \u0438 \u043a\u043e\u043d\u0442\u0435\u043d\u0442\u0430 \u0432 \u041c\u043e\u0441\u043a\u0432\u0435\" \/>\n<meta property=\"article:modified_time\" content=\"2022-06-17T15:08:21+00:00\" \/>\n<meta name=\"twitter:card\" content=\"summary_large_image\" \/>\n<meta name=\"twitter:label1\" content=\"Est. reading time\" \/>\n\t<meta name=\"twitter:data1\" content=\"3 minute\" \/>\n<script type=\"application\/ld+json\" class=\"yoast-schema-graph\">{\"@context\":\"https:\\\/\\\/schema.org\",\"@graph\":[{\"@type\":\"WebPage\",\"@id\":\"https:\\\/\\\/aatranslate.com\\\/sl\\\/pisni-prevod\\\/\",\"url\":\"https:\\\/\\\/aatranslate.com\\\/sl\\\/pisni-prevod\\\/\",\"name\":\"Pisni prevod v Moskvi. Hitro in poceni pri Translate Bureau\",\"isPartOf\":{\"@id\":\"https:\\\/\\\/aatranslate.com\\\/sl\\\/#website\"},\"datePublished\":\"2022-03-23T16:49:03+00:00\",\"dateModified\":\"2022-06-17T15:08:21+00:00\",\"description\":\"Iskali smo visokokakovosten, poceni in hiter prevod - z veseljem vam lahko ponudimo na\u0161e storitve za vse vrste prevajanja v Moskvi\",\"breadcrumb\":{\"@id\":\"https:\\\/\\\/aatranslate.com\\\/sl\\\/pisni-prevod\\\/#breadcrumb\"},\"inLanguage\":\"sl-SI\",\"potentialAction\":[{\"@type\":\"ReadAction\",\"target\":[\"https:\\\/\\\/aatranslate.com\\\/sl\\\/pisni-prevod\\\/\"]}]},{\"@type\":\"BreadcrumbList\",\"@id\":\"https:\\\/\\\/aatranslate.com\\\/sl\\\/pisni-prevod\\\/#breadcrumb\",\"itemListElement\":[{\"@type\":\"ListItem\",\"position\":1,\"name\":\"\u0413\u043b\u0430\u0432\u043d\u0430\u044f \u0441\u0442\u0440\u0430\u043d\u0438\u0446\u0430\",\"item\":\"https:\\\/\\\/aatranslate.com\\\/sl\\\/\"},{\"@type\":\"ListItem\",\"position\":2,\"name\":\"Pisni prevod\"}]},{\"@type\":\"WebSite\",\"@id\":\"https:\\\/\\\/aatranslate.com\\\/sl\\\/#website\",\"url\":\"https:\\\/\\\/aatranslate.com\\\/sl\\\/\",\"name\":\"\u0411\u044e\u0440\u043e \u043f\u0435\u0440\u0435\u0432\u043e\u0434\u043e\u0432 &quot;\u0410\u0410\u0422&quot; - \u043f\u0435\u0440\u0435\u0432\u043e\u0434 \u0434\u043e\u043a\u0443\u043c\u0435\u043d\u0442\u043e\u0432 \u0438 \u043a\u043e\u043d\u0442\u0435\u043d\u0442\u0430 \u0432 \u041c\u043e\u0441\u043a\u0432\u0435\",\"description\":\"\u0411\u044e\u0440\u043e \u043f\u0435\u0440\u0435\u0432\u043e\u0434\u043e\u0432 \u0410\u0410\u0422 \u0431\u044b\u0441\u0442\u0440\u043e \u0438 \u043a\u0430\u0447\u0435\u0441\u0442\u0432\u0435\u043d\u043d\u043e \u0432\u044b\u043f\u043e\u043b\u043d\u0438\u0442 \u043f\u0435\u0440\u0435\u0432\u043e\u0434 \u043b\u044e\u0431\u043e\u0439 \u0442\u0435\u043c\u0430\u0442\u0438\u043a\u0438, \u0441\u043b\u043e\u0436\u043d\u043e\u0441\u0442\u0438 \u0438 \u043e\u0431\u044a\u0435\u043c\u0430 \u0431\u043e\u043b\u0435\u0435 \u0447\u0435\u043c \u0441\u043e 100 \u044f\u0437\u044b\u043a\u043e\u0432. \u041d\u0438\u0437\u043a\u0438\u0435 \u0446\u0435\u043d\u044b \u0438 \u0431\u044b\u0441\u0442\u0440\u044b\u0435 \u0441\u0440\u043e\u043a\u0438\",\"potentialAction\":[{\"@type\":\"SearchAction\",\"target\":{\"@type\":\"EntryPoint\",\"urlTemplate\":\"https:\\\/\\\/aatranslate.com\\\/sl\\\/?s={search_term_string}\"},\"query-input\":{\"@type\":\"PropertyValueSpecification\",\"valueRequired\":true,\"valueName\":\"search_term_string\"}}],\"inLanguage\":\"sl-SI\"}]}<\/script>\n<!-- \/ Yoast SEO plugin. -->","yoast_head_json":{"title":"Pisni prevod v Moskvi. Hitro in poceni pri Translate Bureau","description":"Iskali smo visokokakovosten, poceni in hiter prevod - z veseljem vam lahko ponudimo na\u0161e storitve za vse vrste prevajanja v Moskvi","robots":{"index":"index","follow":"follow","max-snippet":"max-snippet:-1","max-image-preview":"max-image-preview:large","max-video-preview":"max-video-preview:-1"},"canonical":"https:\/\/aatranslate.com\/sl\/pisni-prevod\/","og_locale":"sl_SI","og_type":"article","og_title":"Pisni prevod v Moskvi. Hitro in poceni pri Translate Bureau","og_description":"Iskali smo visokokakovosten, poceni in hiter prevod - z veseljem vam lahko ponudimo na\u0161e storitve za vse vrste prevajanja v Moskvi","og_url":"https:\/\/aatranslate.com\/sl\/pisni-prevod\/","og_site_name":"\u0411\u044e\u0440\u043e \u043f\u0435\u0440\u0435\u0432\u043e\u0434\u043e\u0432 &quot;\u0410\u0410\u0422&quot; - \u043f\u0435\u0440\u0435\u0432\u043e\u0434 \u0434\u043e\u043a\u0443\u043c\u0435\u043d\u0442\u043e\u0432 \u0438 \u043a\u043e\u043d\u0442\u0435\u043d\u0442\u0430 \u0432 \u041c\u043e\u0441\u043a\u0432\u0435","article_modified_time":"2022-06-17T15:08:21+00:00","twitter_card":"summary_large_image","twitter_misc":{"Est. reading time":"3 minute"},"schema":{"@context":"https:\/\/schema.org","@graph":[{"@type":"WebPage","@id":"https:\/\/aatranslate.com\/sl\/pisni-prevod\/","url":"https:\/\/aatranslate.com\/sl\/pisni-prevod\/","name":"Pisni prevod v Moskvi. Hitro in poceni pri Translate Bureau","isPartOf":{"@id":"https:\/\/aatranslate.com\/sl\/#website"},"datePublished":"2022-03-23T16:49:03+00:00","dateModified":"2022-06-17T15:08:21+00:00","description":"Iskali smo visokokakovosten, poceni in hiter prevod - z veseljem vam lahko ponudimo na\u0161e storitve za vse vrste prevajanja v Moskvi","breadcrumb":{"@id":"https:\/\/aatranslate.com\/sl\/pisni-prevod\/#breadcrumb"},"inLanguage":"sl-SI","potentialAction":[{"@type":"ReadAction","target":["https:\/\/aatranslate.com\/sl\/pisni-prevod\/"]}]},{"@type":"BreadcrumbList","@id":"https:\/\/aatranslate.com\/sl\/pisni-prevod\/#breadcrumb","itemListElement":[{"@type":"ListItem","position":1,"name":"\u0413\u043b\u0430\u0432\u043d\u0430\u044f \u0441\u0442\u0440\u0430\u043d\u0438\u0446\u0430","item":"https:\/\/aatranslate.com\/sl\/"},{"@type":"ListItem","position":2,"name":"Pisni prevod"}]},{"@type":"WebSite","@id":"https:\/\/aatranslate.com\/sl\/#website","url":"https:\/\/aatranslate.com\/sl\/","name":"\u0411\u044e\u0440\u043e \u043f\u0435\u0440\u0435\u0432\u043e\u0434\u043e\u0432 &quot;\u0410\u0410\u0422&quot; - \u043f\u0435\u0440\u0435\u0432\u043e\u0434 \u0434\u043e\u043a\u0443\u043c\u0435\u043d\u0442\u043e\u0432 \u0438 \u043a\u043e\u043d\u0442\u0435\u043d\u0442\u0430 \u0432 \u041c\u043e\u0441\u043a\u0432\u0435","description":"\u0411\u044e\u0440\u043e \u043f\u0435\u0440\u0435\u0432\u043e\u0434\u043e\u0432 \u0410\u0410\u0422 \u0431\u044b\u0441\u0442\u0440\u043e \u0438 \u043a\u0430\u0447\u0435\u0441\u0442\u0432\u0435\u043d\u043d\u043e \u0432\u044b\u043f\u043e\u043b\u043d\u0438\u0442 \u043f\u0435\u0440\u0435\u0432\u043e\u0434 \u043b\u044e\u0431\u043e\u0439 \u0442\u0435\u043c\u0430\u0442\u0438\u043a\u0438, \u0441\u043b\u043e\u0436\u043d\u043e\u0441\u0442\u0438 \u0438 \u043e\u0431\u044a\u0435\u043c\u0430 \u0431\u043e\u043b\u0435\u0435 \u0447\u0435\u043c \u0441\u043e 100 \u044f\u0437\u044b\u043a\u043e\u0432. \u041d\u0438\u0437\u043a\u0438\u0435 \u0446\u0435\u043d\u044b \u0438 \u0431\u044b\u0441\u0442\u0440\u044b\u0435 \u0441\u0440\u043e\u043a\u0438","potentialAction":[{"@type":"SearchAction","target":{"@type":"EntryPoint","urlTemplate":"https:\/\/aatranslate.com\/sl\/?s={search_term_string}"},"query-input":{"@type":"PropertyValueSpecification","valueRequired":true,"valueName":"search_term_string"}}],"inLanguage":"sl-SI"}]}},"_links":{"self":[{"href":"https:\/\/aatranslate.com\/sl\/wp-json\/wp\/v2\/pages\/668","targetHints":{"allow":["GET"]}}],"collection":[{"href":"https:\/\/aatranslate.com\/sl\/wp-json\/wp\/v2\/pages"}],"about":[{"href":"https:\/\/aatranslate.com\/sl\/wp-json\/wp\/v2\/types\/page"}],"author":[{"embeddable":true,"href":"https:\/\/aatranslate.com\/sl\/wp-json\/wp\/v2\/users\/1"}],"replies":[{"embeddable":true,"href":"https:\/\/aatranslate.com\/sl\/wp-json\/wp\/v2\/comments?post=668"}],"version-history":[{"count":3,"href":"https:\/\/aatranslate.com\/sl\/wp-json\/wp\/v2\/pages\/668\/revisions"}],"predecessor-version":[{"id":787,"href":"https:\/\/aatranslate.com\/sl\/wp-json\/wp\/v2\/pages\/668\/revisions\/787"}],"wp:attachment":[{"href":"https:\/\/aatranslate.com\/sl\/wp-json\/wp\/v2\/media?parent=668"}],"curies":[{"name":"wp","href":"https:\/\/api.w.org\/{rel}","templated":true}]}}