{"id":665,"date":"2022-05-06T09:43:12","date_gmt":"2022-05-06T06:43:12","guid":{"rendered":"https:\/\/yaaandex.ru\/prevajanje-osebnih-dokumentov\/"},"modified":"2022-06-17T14:30:11","modified_gmt":"2022-06-17T11:30:11","slug":"prevajanje-osebnih-dokumentov","status":"publish","type":"page","link":"https:\/\/aatranslate.com\/sl\/prevajanje-osebnih-dokumentov\/","title":{"rendered":"Prevajanje <span class=\"blue__text\">osebnih dokumentov<\/span>"},"content":{"rendered":"\n<div class=\"icon__cpunt\">\n<div class=\"icon__grid\">\n<div class=\"icon__v\">\n<div class=\"number__of__post\">1<\/div>\n<div><p class=\"ht2\">Pri dokumentih je pomembna natan\u010dnost prevoda<\/p>\n<p>Dokumente prevajamo po vseh mednarodnih standardih <\/p>\n<\/div>\n<\/div>\n<div class=\"icon__v\">\n<div class=\"number__of__post\">2<\/div>\n<div><p class=\"ht2\">Popolna zasebnost<\/p>\n<p>Va\u0161i osebni podatki bodo ostali va\u0161i osebni podatki <\/p>\n<\/div>\n<\/div>\n<div class=\"icon__v\">\n<div class=\"number__of__post\">3<\/div>\n<div><p class=\"ht2\">Delamo s skupinami<\/p>\n<p>Hitro in pravo\u010dasno bomo prevedli paket dokumentov za celotno va\u0161o skupino<\/p>\n<\/div>\n<\/div>\n<\/div>\n<\/div>\n\n\n\n<h2>Na\u0161e storitve <span class=\"blue__text\">prevajanja osebnih dokumentov<\/span><\/h2>\n<br><div class=\"r_uslugi__grid\">\n  <div class=\"plashka\">\n    <div class=\"plashaka__disc\"><p class=\"ht3 blue__text\">Potrebujete nujen prevod? Mi vam bomo pomagali!<\/p><br><p class=\"left\">Na\u0161i strokovnjaki bodo takoj po naro\u010dilu pri\u010deli z delom na va\u0161em prevodu, kar vam bo omogo\u010dilo, da boste prevod prejeli v najkraj\u0161em mo\u017enem \u010dasu.<\/p><br><br><a class=\"btncustom_m\">Naro\u010dite<\/a><\/div>\n    <img decoding=\"async\" class=\"img-s\" src=\"\/wp-content\/themes\/translate\/assets\/images\/srochniy-perevod.jpg\"><\/div>\n  <div class=\"plashka\">\n    <div class=\"plashaka__disc\"><p class=\"ht3 blue__text\">Potujete v tujino in potrebujete vizum?<\/p><br><p class=\"left\">Dokumentov, potrebnih za pridobitev vizuma, ne bomo samo prevedli, temve\u010d jih bomo tudi notarsko overili. <\/p><br><br><a class=\"btncustom_m\">Naro\u010dite<\/a><\/div>\n    <img decoding=\"async\" class=\"img-s\" src=\"\/wp-content\/themes\/translate\/assets\/images\/dokumenti-zagranicu.jpg\"><\/div>\n  <div class=\"plashka\">\n    <div class=\"plashaka__disc\"><p class=\"ht3 blue__text\">Nimate \u010dasa <br>prevzeti prevod?<\/p><br><p class=\"left\">Prevedene dokumente vam lahko dostavimo s kurirjem, na katero koli to\u010dko v Moskvi ali s po\u0161tnimi storitvami po vsej Rusiji. <\/p><br><br><a class=\"btncustom_m\">Naro\u010dite<\/a><\/div>\n    <img decoding=\"async\" class=\"img-s\" src=\"\/wp-content\/themes\/translate\/assets\/images\/dostavim-documenti.jpg\"><\/div>\n<\/div>\n<br><br><p class=\"center\">Popolnoma vse teme in vrste prevodov. Nujni prevod. Prilagoditev besedilnih materialov. <\/p>\n<br><br>\n","protected":false},"excerpt":{"rendered":"<p>1 Pri dokumentih je pomembna natan\u010dnost prevoda Dokumente prevajamo po vseh mednarodnih standardih 2 Popolna zasebnost Va\u0161i osebni podatki bodo ostali va\u0161i osebni podatki 3 Delamo s skupinami Hitro in pravo\u010dasno bomo prevedli paket dokumentov za celotno va\u0161o skupino Na\u0161e storitve prevajanja osebnih dokumentov Potrebujete nujen prevod? Mi vam bomo pomagali! Na\u0161i strokovnjaki bodo takoj [&hellip;]<\/p>\n","protected":false},"author":1,"featured_media":0,"parent":0,"menu_order":0,"comment_status":"closed","ping_status":"closed","template":"","meta":{"footnotes":""},"class_list":["post-665","page","type-page","status-publish","hentry"],"yoast_head":"<!-- This site is optimized with the Yoast SEO plugin v27.6 - https:\/\/yoast.com\/product\/yoast-seo-wordpress\/ -->\n<title>&quot;\u0410\u0410Translate&quot; - prevod osebnih dokumentov<\/title>\n<meta name=\"robots\" content=\"index, follow, max-snippet:-1, max-image-preview:large, max-video-preview:-1\" \/>\n<link rel=\"canonical\" href=\"https:\/\/aatranslate.com\/sl\/prevajanje-osebnih-dokumentov\/\" \/>\n<meta property=\"og:locale\" content=\"sl_SI\" \/>\n<meta property=\"og:type\" content=\"article\" \/>\n<meta property=\"og:title\" content=\"&quot;\u0410\u0410Translate&quot; - prevod osebnih dokumentov\" \/>\n<meta property=\"og:description\" content=\"1 Pri dokumentih je pomembna natan\u010dnost prevoda Dokumente prevajamo po vseh mednarodnih standardih 2 Popolna zasebnost Va\u0161i osebni podatki bodo ostali va\u0161i osebni podatki 3 Delamo s skupinami Hitro in pravo\u010dasno bomo prevedli paket dokumentov za celotno va\u0161o skupino Na\u0161e storitve prevajanja osebnih dokumentov Potrebujete nujen prevod? Mi vam bomo pomagali! Na\u0161i strokovnjaki bodo takoj [&hellip;]\" \/>\n<meta property=\"og:url\" content=\"https:\/\/aatranslate.com\/sl\/prevajanje-osebnih-dokumentov\/\" \/>\n<meta property=\"og:site_name\" content=\"\u0411\u044e\u0440\u043e \u043f\u0435\u0440\u0435\u0432\u043e\u0434\u043e\u0432 &quot;\u0410\u0410\u0422&quot; - \u043f\u0435\u0440\u0435\u0432\u043e\u0434 \u0434\u043e\u043a\u0443\u043c\u0435\u043d\u0442\u043e\u0432 \u0438 \u043a\u043e\u043d\u0442\u0435\u043d\u0442\u0430 \u0432 \u041c\u043e\u0441\u043a\u0432\u0435\" \/>\n<meta property=\"article:modified_time\" content=\"2022-06-17T11:30:11+00:00\" \/>\n<meta name=\"twitter:card\" content=\"summary_large_image\" \/>\n<meta name=\"twitter:label1\" content=\"Est. reading time\" \/>\n\t<meta name=\"twitter:data1\" content=\"2 minuti\" \/>\n<script type=\"application\/ld+json\" class=\"yoast-schema-graph\">{\"@context\":\"https:\\\/\\\/schema.org\",\"@graph\":[{\"@type\":\"WebPage\",\"@id\":\"https:\\\/\\\/aatranslate.com\\\/sl\\\/prevajanje-osebnih-dokumentov\\\/\",\"url\":\"https:\\\/\\\/aatranslate.com\\\/sl\\\/prevajanje-osebnih-dokumentov\\\/\",\"name\":\"\\\"\u0410\u0410Translate\\\" - prevod osebnih dokumentov\",\"isPartOf\":{\"@id\":\"https:\\\/\\\/aatranslate.com\\\/sl\\\/#website\"},\"datePublished\":\"2022-05-06T06:43:12+00:00\",\"dateModified\":\"2022-06-17T11:30:11+00:00\",\"breadcrumb\":{\"@id\":\"https:\\\/\\\/aatranslate.com\\\/sl\\\/prevajanje-osebnih-dokumentov\\\/#breadcrumb\"},\"inLanguage\":\"sl-SI\",\"potentialAction\":[{\"@type\":\"ReadAction\",\"target\":[\"https:\\\/\\\/aatranslate.com\\\/sl\\\/prevajanje-osebnih-dokumentov\\\/\"]}]},{\"@type\":\"BreadcrumbList\",\"@id\":\"https:\\\/\\\/aatranslate.com\\\/sl\\\/prevajanje-osebnih-dokumentov\\\/#breadcrumb\",\"itemListElement\":[{\"@type\":\"ListItem\",\"position\":1,\"name\":\"\u0413\u043b\u0430\u0432\u043d\u0430\u044f \u0441\u0442\u0440\u0430\u043d\u0438\u0446\u0430\",\"item\":\"https:\\\/\\\/aatranslate.com\\\/sl\\\/\"},{\"@type\":\"ListItem\",\"position\":2,\"name\":\"Prevajanje osebnih dokumentov\"}]},{\"@type\":\"WebSite\",\"@id\":\"https:\\\/\\\/aatranslate.com\\\/sl\\\/#website\",\"url\":\"https:\\\/\\\/aatranslate.com\\\/sl\\\/\",\"name\":\"\u0411\u044e\u0440\u043e \u043f\u0435\u0440\u0435\u0432\u043e\u0434\u043e\u0432 &quot;\u0410\u0410\u0422&quot; - \u043f\u0435\u0440\u0435\u0432\u043e\u0434 \u0434\u043e\u043a\u0443\u043c\u0435\u043d\u0442\u043e\u0432 \u0438 \u043a\u043e\u043d\u0442\u0435\u043d\u0442\u0430 \u0432 \u041c\u043e\u0441\u043a\u0432\u0435\",\"description\":\"\u0411\u044e\u0440\u043e \u043f\u0435\u0440\u0435\u0432\u043e\u0434\u043e\u0432 \u0410\u0410\u0422 \u0431\u044b\u0441\u0442\u0440\u043e \u0438 \u043a\u0430\u0447\u0435\u0441\u0442\u0432\u0435\u043d\u043d\u043e \u0432\u044b\u043f\u043e\u043b\u043d\u0438\u0442 \u043f\u0435\u0440\u0435\u0432\u043e\u0434 \u043b\u044e\u0431\u043e\u0439 \u0442\u0435\u043c\u0430\u0442\u0438\u043a\u0438, \u0441\u043b\u043e\u0436\u043d\u043e\u0441\u0442\u0438 \u0438 \u043e\u0431\u044a\u0435\u043c\u0430 \u0431\u043e\u043b\u0435\u0435 \u0447\u0435\u043c \u0441\u043e 100 \u044f\u0437\u044b\u043a\u043e\u0432. \u041d\u0438\u0437\u043a\u0438\u0435 \u0446\u0435\u043d\u044b \u0438 \u0431\u044b\u0441\u0442\u0440\u044b\u0435 \u0441\u0440\u043e\u043a\u0438\",\"potentialAction\":[{\"@type\":\"SearchAction\",\"target\":{\"@type\":\"EntryPoint\",\"urlTemplate\":\"https:\\\/\\\/aatranslate.com\\\/sl\\\/?s={search_term_string}\"},\"query-input\":{\"@type\":\"PropertyValueSpecification\",\"valueRequired\":true,\"valueName\":\"search_term_string\"}}],\"inLanguage\":\"sl-SI\"}]}<\/script>\n<!-- \/ Yoast SEO plugin. -->","yoast_head_json":{"title":"\"\u0410\u0410Translate\" - prevod osebnih dokumentov","robots":{"index":"index","follow":"follow","max-snippet":"max-snippet:-1","max-image-preview":"max-image-preview:large","max-video-preview":"max-video-preview:-1"},"canonical":"https:\/\/aatranslate.com\/sl\/prevajanje-osebnih-dokumentov\/","og_locale":"sl_SI","og_type":"article","og_title":"\"\u0410\u0410Translate\" - prevod osebnih dokumentov","og_description":"1 Pri dokumentih je pomembna natan\u010dnost prevoda Dokumente prevajamo po vseh mednarodnih standardih 2 Popolna zasebnost Va\u0161i osebni podatki bodo ostali va\u0161i osebni podatki 3 Delamo s skupinami Hitro in pravo\u010dasno bomo prevedli paket dokumentov za celotno va\u0161o skupino Na\u0161e storitve prevajanja osebnih dokumentov Potrebujete nujen prevod? Mi vam bomo pomagali! Na\u0161i strokovnjaki bodo takoj [&hellip;]","og_url":"https:\/\/aatranslate.com\/sl\/prevajanje-osebnih-dokumentov\/","og_site_name":"\u0411\u044e\u0440\u043e \u043f\u0435\u0440\u0435\u0432\u043e\u0434\u043e\u0432 &quot;\u0410\u0410\u0422&quot; - \u043f\u0435\u0440\u0435\u0432\u043e\u0434 \u0434\u043e\u043a\u0443\u043c\u0435\u043d\u0442\u043e\u0432 \u0438 \u043a\u043e\u043d\u0442\u0435\u043d\u0442\u0430 \u0432 \u041c\u043e\u0441\u043a\u0432\u0435","article_modified_time":"2022-06-17T11:30:11+00:00","twitter_card":"summary_large_image","twitter_misc":{"Est. reading time":"2 minuti"},"schema":{"@context":"https:\/\/schema.org","@graph":[{"@type":"WebPage","@id":"https:\/\/aatranslate.com\/sl\/prevajanje-osebnih-dokumentov\/","url":"https:\/\/aatranslate.com\/sl\/prevajanje-osebnih-dokumentov\/","name":"\"\u0410\u0410Translate\" - prevod osebnih dokumentov","isPartOf":{"@id":"https:\/\/aatranslate.com\/sl\/#website"},"datePublished":"2022-05-06T06:43:12+00:00","dateModified":"2022-06-17T11:30:11+00:00","breadcrumb":{"@id":"https:\/\/aatranslate.com\/sl\/prevajanje-osebnih-dokumentov\/#breadcrumb"},"inLanguage":"sl-SI","potentialAction":[{"@type":"ReadAction","target":["https:\/\/aatranslate.com\/sl\/prevajanje-osebnih-dokumentov\/"]}]},{"@type":"BreadcrumbList","@id":"https:\/\/aatranslate.com\/sl\/prevajanje-osebnih-dokumentov\/#breadcrumb","itemListElement":[{"@type":"ListItem","position":1,"name":"\u0413\u043b\u0430\u0432\u043d\u0430\u044f \u0441\u0442\u0440\u0430\u043d\u0438\u0446\u0430","item":"https:\/\/aatranslate.com\/sl\/"},{"@type":"ListItem","position":2,"name":"Prevajanje osebnih dokumentov"}]},{"@type":"WebSite","@id":"https:\/\/aatranslate.com\/sl\/#website","url":"https:\/\/aatranslate.com\/sl\/","name":"\u0411\u044e\u0440\u043e \u043f\u0435\u0440\u0435\u0432\u043e\u0434\u043e\u0432 &quot;\u0410\u0410\u0422&quot; - \u043f\u0435\u0440\u0435\u0432\u043e\u0434 \u0434\u043e\u043a\u0443\u043c\u0435\u043d\u0442\u043e\u0432 \u0438 \u043a\u043e\u043d\u0442\u0435\u043d\u0442\u0430 \u0432 \u041c\u043e\u0441\u043a\u0432\u0435","description":"\u0411\u044e\u0440\u043e \u043f\u0435\u0440\u0435\u0432\u043e\u0434\u043e\u0432 \u0410\u0410\u0422 \u0431\u044b\u0441\u0442\u0440\u043e \u0438 \u043a\u0430\u0447\u0435\u0441\u0442\u0432\u0435\u043d\u043d\u043e \u0432\u044b\u043f\u043e\u043b\u043d\u0438\u0442 \u043f\u0435\u0440\u0435\u0432\u043e\u0434 \u043b\u044e\u0431\u043e\u0439 \u0442\u0435\u043c\u0430\u0442\u0438\u043a\u0438, \u0441\u043b\u043e\u0436\u043d\u043e\u0441\u0442\u0438 \u0438 \u043e\u0431\u044a\u0435\u043c\u0430 \u0431\u043e\u043b\u0435\u0435 \u0447\u0435\u043c \u0441\u043e 100 \u044f\u0437\u044b\u043a\u043e\u0432. \u041d\u0438\u0437\u043a\u0438\u0435 \u0446\u0435\u043d\u044b \u0438 \u0431\u044b\u0441\u0442\u0440\u044b\u0435 \u0441\u0440\u043e\u043a\u0438","potentialAction":[{"@type":"SearchAction","target":{"@type":"EntryPoint","urlTemplate":"https:\/\/aatranslate.com\/sl\/?s={search_term_string}"},"query-input":{"@type":"PropertyValueSpecification","valueRequired":true,"valueName":"search_term_string"}}],"inLanguage":"sl-SI"}]}},"_links":{"self":[{"href":"https:\/\/aatranslate.com\/sl\/wp-json\/wp\/v2\/pages\/665","targetHints":{"allow":["GET"]}}],"collection":[{"href":"https:\/\/aatranslate.com\/sl\/wp-json\/wp\/v2\/pages"}],"about":[{"href":"https:\/\/aatranslate.com\/sl\/wp-json\/wp\/v2\/types\/page"}],"author":[{"embeddable":true,"href":"https:\/\/aatranslate.com\/sl\/wp-json\/wp\/v2\/users\/1"}],"replies":[{"embeddable":true,"href":"https:\/\/aatranslate.com\/sl\/wp-json\/wp\/v2\/comments?post=665"}],"version-history":[{"count":3,"href":"https:\/\/aatranslate.com\/sl\/wp-json\/wp\/v2\/pages\/665\/revisions"}],"predecessor-version":[{"id":772,"href":"https:\/\/aatranslate.com\/sl\/wp-json\/wp\/v2\/pages\/665\/revisions\/772"}],"wp:attachment":[{"href":"https:\/\/aatranslate.com\/sl\/wp-json\/wp\/v2\/media?parent=665"}],"curies":[{"name":"wp","href":"https:\/\/api.w.org\/{rel}","templated":true}]}}