{"id":664,"date":"2022-02-05T13:43:47","date_gmt":"2022-02-05T10:43:47","guid":{"rendered":"https:\/\/yaaandex.ru\/prevajalska-agencija\/"},"modified":"2025-08-21T07:22:57","modified_gmt":"2025-08-21T04:22:57","slug":"prevajalska-agencija","status":"publish","type":"page","link":"https:\/\/aatranslate.com\/sl\/","title":{"rendered":"Prevajalska agencija <span class=\"blue__text\">AATranslate<\/span>"},"content":{"rendered":"\n<div class=\"services\">\n  <div class=\"services__grid\">\n    <div>  \n      <a href=\"https:\/\/aatranslate.com\/sl\/tehnicni-prevod\/\"><img decoding=\"async\" class=\"services__icon\" src=\"\/wp-content\/themes\/translate\/assets\/images\/icon1.png\" alt=\"Tehni\u010dni prevod\" title=\"Tehni\u010dni prevod\"\/>\n      <p>Tehni\u010dno prevajanje <br\/><\/p><\/a>\n    <\/div>\n    <div>\n      <a href=\"https:\/\/aatranslate.com\/sl\/farmacevtski-prevodi\/\"><img decoding=\"async\" class=\"services__icon\" src=\"\/wp-content\/themes\/translate\/assets\/images\/farmacevticheskiy-perevod.png\" alt=\"Farmacevtski prevod\" title=\"Farmacevtski prevod\"\/>\n      <p>Farmacevtska <br\/>prevajanje<\/p><\/a>\n    <\/div>\n    <div>\n     <a href=\"https:\/\/aatranslate.com\/sl\/pravni-prevodi\/\"> <img decoding=\"async\" class=\"services__icon\" src=\"\/wp-content\/themes\/translate\/assets\/images\/icon3.png\" alt=\"Pravni prevodi\" title=\"Pravni prevodi\"\/>\n      <p>Pravni prevodi <br\/><\/p><\/a>\n    <\/div>\n    <div>\n      <a href=\"https:\/\/aatranslate.com\/sl\/medicinsko-prevajanje\/\"><img decoding=\"async\" class=\"services__icon\" src=\"\/wp-content\/themes\/translate\/assets\/images\/icon4.png\" alt=\"Medicinsko prevajanje\" title=\"Medicinsko prevajanje\"\/>\n      <p>Medicinski prevod <br\/> <\/p><\/a>\n    <\/div>\n    <div>\n      <a href=\"https:\/\/aatranslate.com\/sl\/ekonomski-prevod\/\"><img decoding=\"async\" class=\"services__icon\" src=\"\/wp-content\/themes\/translate\/assets\/images\/icon5.png\" alt=\"Ekonomski prevod\" title=\"Ekonomski prevod\"\/>\n      <p>Prevajanje ekonomskih <br\/> <\/p><\/a>\n    <\/div>\n    <div>\n      <a href=\"https:\/\/aatranslate.com\/sl\/literarni-prevod\/\"><img decoding=\"async\" class=\"services__icon\" src=\"\/wp-content\/themes\/translate\/assets\/images\/icon6.png\" alt=\"Literarni prevod\" title=\"Literarni prevod\"\/>\n      <p>Umetni\u0161ki prevod <br\/> <\/p><\/a>\n    <\/div>\n\n    <div>  \n      <a href=\"https:\/\/aatranslate.com\/sl\/prevod-spletne-strani\/\"><img decoding=\"async\" class=\"services__icon\" src=\"\/wp-content\/themes\/translate\/assets\/images\/perevod-saitov.png\" alt=\"Prevod spletne strani\" title=\"Prevod spletne strani\"\/>\n      <p>Prevajanje spletnih strani <br\/><\/p><\/a>\n    <\/div>\n    <div>\n      <a href=\"https:\/\/aatranslate.com\/sl\/prevajanje-osebnih-dokumentov\/\"><img decoding=\"async\" class=\"services__icon\" src=\"\/wp-content\/themes\/translate\/assets\/images\/perevod-lichnh-documentov.png\" alt=\"Prevajanje osebnih dokumentov\" title=\"osebni dokumenti\"\/>\n      <p>Prevajanje osebnih dokumentov <br\/><\/p><\/a>\n    <\/div>\n    <div>\n      <a href=\"https:\/\/aatranslate.com\/sl\/znanstveni-prevod-2\/\"><img decoding=\"async\" class=\"services__icon\" src=\"\/wp-content\/themes\/translate\/assets\/images\/nauchniy-perevod.png\" alt=\"Znanstveni prevod\" title=\"Znanstveni prevod\"\/>\n      <p>Znanstveno prevajanje <br\/><\/p><\/a>\n    <\/div>\n    <div>\n      <a href=\"https:\/\/aatranslate.com\/sl\/poslovni-prevod\/\"><img decoding=\"async\" class=\"services__icon\" src=\"\/wp-content\/themes\/translate\/assets\/images\/biznes-perevod.png\" alt=\"Poslovni prevod\" title=\"Poslovni prevod\"\/>\n      <p>Prevajanje poslovnega <br\/> <\/p><\/a>\n    <\/div>\n    <div>\n      <a href=\"https:\/\/aatranslate.com\/sl\/interpretacija\/\"><img decoding=\"async\" class=\"services__icon\" src=\"\/wp-content\/themes\/translate\/assets\/images\/ustniy-perevod.png\" alt=\"Ustno prevajanje\" title=\"Ustno prevajanje\"\/>\n      <p>Tolma\u010denje <br\/> <\/p><\/a>\n    <\/div>\n    <div>\n      <a href=\"https:\/\/aatranslate.com\/sl\/prevajanje-in-glasovna-igra-medijskih-materialov\/\"><img decoding=\"async\" class=\"services__icon\" src=\"\/wp-content\/themes\/translate\/assets\/images\/audio-video-perevodi.png\" alt=\"Prevajanje in glasovno igranje medijskih materialov\" title=\"Prevajanje in glasovno igranje medijskih materialov\"\/>\n      <p>Prevajanje gradiva za medije <br\/> <\/p><\/a>\n    <\/div>\n  <\/div>\n<\/div>\n","protected":false},"excerpt":{"rendered":"<p>Tehni\u010dno prevajanje Farmacevtska prevajanje Pravni prevodi Medicinski prevod Prevajanje ekonomskih Umetni\u0161ki prevod Prevajanje spletnih strani Prevajanje osebnih dokumentov Znanstveno prevajanje Prevajanje poslovnega Tolma\u010denje Prevajanje gradiva za medije<\/p>\n","protected":false},"author":1,"featured_media":0,"parent":0,"menu_order":0,"comment_status":"closed","ping_status":"closed","template":"","meta":{"footnotes":""},"class_list":["post-664","page","type-page","status-publish","hentry"],"yoast_head":"<!-- This site is optimized with the Yoast SEO plugin v27.4 - https:\/\/yoast.com\/product\/yoast-seo-wordpress\/ -->\n<title>Prevajalska agencija AATranslate - \u0411\u044e\u0440\u043e \u043f\u0435\u0440\u0435\u0432\u043e\u0434\u043e\u0432 &quot;\u0410\u0410\u0422&quot; - \u043f\u0435\u0440\u0435\u0432\u043e\u0434 \u0434\u043e\u043a\u0443\u043c\u0435\u043d\u0442\u043e\u0432 \u0438 \u043a\u043e\u043d\u0442\u0435\u043d\u0442\u0430 \u0432 \u041c\u043e\u0441\u043a\u0432\u0435<\/title>\n<meta name=\"robots\" content=\"index, follow, max-snippet:-1, max-image-preview:large, max-video-preview:-1\" \/>\n<link rel=\"canonical\" href=\"https:\/\/aatranslate.com\/sl\/\" \/>\n<meta property=\"og:locale\" content=\"sl_SI\" \/>\n<meta property=\"og:type\" content=\"article\" \/>\n<meta property=\"og:title\" content=\"Prevajalska agencija AATranslate - \u0411\u044e\u0440\u043e \u043f\u0435\u0440\u0435\u0432\u043e\u0434\u043e\u0432 &quot;\u0410\u0410\u0422&quot; - \u043f\u0435\u0440\u0435\u0432\u043e\u0434 \u0434\u043e\u043a\u0443\u043c\u0435\u043d\u0442\u043e\u0432 \u0438 \u043a\u043e\u043d\u0442\u0435\u043d\u0442\u0430 \u0432 \u041c\u043e\u0441\u043a\u0432\u0435\" \/>\n<meta property=\"og:description\" content=\"Tehni\u010dno prevajanje Farmacevtska prevajanje Pravni prevodi Medicinski prevod Prevajanje ekonomskih Umetni\u0161ki prevod Prevajanje spletnih strani Prevajanje osebnih dokumentov Znanstveno prevajanje Prevajanje poslovnega Tolma\u010denje Prevajanje gradiva za medije\" \/>\n<meta property=\"og:url\" content=\"https:\/\/aatranslate.com\/sl\/\" \/>\n<meta property=\"og:site_name\" content=\"\u0411\u044e\u0440\u043e \u043f\u0435\u0440\u0435\u0432\u043e\u0434\u043e\u0432 &quot;\u0410\u0410\u0422&quot; - \u043f\u0435\u0440\u0435\u0432\u043e\u0434 \u0434\u043e\u043a\u0443\u043c\u0435\u043d\u0442\u043e\u0432 \u0438 \u043a\u043e\u043d\u0442\u0435\u043d\u0442\u0430 \u0432 \u041c\u043e\u0441\u043a\u0432\u0435\" \/>\n<meta property=\"article:modified_time\" content=\"2025-08-21T04:22:57+00:00\" \/>\n<meta name=\"twitter:card\" content=\"summary_large_image\" \/>\n<meta name=\"twitter:label1\" content=\"Est. reading time\" \/>\n\t<meta name=\"twitter:data1\" content=\"3 minute\" \/>\n<script type=\"application\/ld+json\" class=\"yoast-schema-graph\">{\"@context\":\"https:\\\/\\\/schema.org\",\"@graph\":[{\"@type\":\"WebPage\",\"@id\":\"https:\\\/\\\/aatranslate.com\\\/sl\\\/\",\"url\":\"https:\\\/\\\/aatranslate.com\\\/sl\\\/\",\"name\":\"Prevajalska agencija AATranslate - \u0411\u044e\u0440\u043e \u043f\u0435\u0440\u0435\u0432\u043e\u0434\u043e\u0432 &quot;\u0410\u0410\u0422&quot; - \u043f\u0435\u0440\u0435\u0432\u043e\u0434 \u0434\u043e\u043a\u0443\u043c\u0435\u043d\u0442\u043e\u0432 \u0438 \u043a\u043e\u043d\u0442\u0435\u043d\u0442\u0430 \u0432 \u041c\u043e\u0441\u043a\u0432\u0435\",\"isPartOf\":{\"@id\":\"https:\\\/\\\/aatranslate.com\\\/sl\\\/#website\"},\"datePublished\":\"2022-02-05T10:43:47+00:00\",\"dateModified\":\"2025-08-21T04:22:57+00:00\",\"breadcrumb\":{\"@id\":\"https:\\\/\\\/aatranslate.com\\\/sl\\\/#breadcrumb\"},\"inLanguage\":\"sl-SI\",\"potentialAction\":[{\"@type\":\"ReadAction\",\"target\":[\"https:\\\/\\\/aatranslate.com\\\/sl\\\/\"]}]},{\"@type\":\"BreadcrumbList\",\"@id\":\"https:\\\/\\\/aatranslate.com\\\/sl\\\/#breadcrumb\",\"itemListElement\":[{\"@type\":\"ListItem\",\"position\":1,\"name\":\"\u0413\u043b\u0430\u0432\u043d\u0430\u044f \u0441\u0442\u0440\u0430\u043d\u0438\u0446\u0430\",\"item\":\"https:\\\/\\\/aatranslate.com\\\/sl\\\/\"},{\"@type\":\"ListItem\",\"position\":2,\"name\":\"Prevajalska agencija AATranslate\"}]},{\"@type\":\"WebSite\",\"@id\":\"https:\\\/\\\/aatranslate.com\\\/sl\\\/#website\",\"url\":\"https:\\\/\\\/aatranslate.com\\\/sl\\\/\",\"name\":\"\u0411\u044e\u0440\u043e \u043f\u0435\u0440\u0435\u0432\u043e\u0434\u043e\u0432 &quot;\u0410\u0410\u0422&quot; - \u043f\u0435\u0440\u0435\u0432\u043e\u0434 \u0434\u043e\u043a\u0443\u043c\u0435\u043d\u0442\u043e\u0432 \u0438 \u043a\u043e\u043d\u0442\u0435\u043d\u0442\u0430 \u0432 \u041c\u043e\u0441\u043a\u0432\u0435\",\"description\":\"\u0411\u044e\u0440\u043e \u043f\u0435\u0440\u0435\u0432\u043e\u0434\u043e\u0432 \u0410\u0410\u0422 \u0431\u044b\u0441\u0442\u0440\u043e \u0438 \u043a\u0430\u0447\u0435\u0441\u0442\u0432\u0435\u043d\u043d\u043e \u0432\u044b\u043f\u043e\u043b\u043d\u0438\u0442 \u043f\u0435\u0440\u0435\u0432\u043e\u0434 \u043b\u044e\u0431\u043e\u0439 \u0442\u0435\u043c\u0430\u0442\u0438\u043a\u0438, \u0441\u043b\u043e\u0436\u043d\u043e\u0441\u0442\u0438 \u0438 \u043e\u0431\u044a\u0435\u043c\u0430 \u0431\u043e\u043b\u0435\u0435 \u0447\u0435\u043c \u0441\u043e 100 \u044f\u0437\u044b\u043a\u043e\u0432. \u041d\u0438\u0437\u043a\u0438\u0435 \u0446\u0435\u043d\u044b \u0438 \u0431\u044b\u0441\u0442\u0440\u044b\u0435 \u0441\u0440\u043e\u043a\u0438\",\"potentialAction\":[{\"@type\":\"SearchAction\",\"target\":{\"@type\":\"EntryPoint\",\"urlTemplate\":\"https:\\\/\\\/aatranslate.com\\\/sl\\\/?s={search_term_string}\"},\"query-input\":{\"@type\":\"PropertyValueSpecification\",\"valueRequired\":true,\"valueName\":\"search_term_string\"}}],\"inLanguage\":\"sl-SI\"}]}<\/script>\n<!-- \/ Yoast SEO plugin. -->","yoast_head_json":{"title":"Prevajalska agencija AATranslate - \u0411\u044e\u0440\u043e \u043f\u0435\u0440\u0435\u0432\u043e\u0434\u043e\u0432 &quot;\u0410\u0410\u0422&quot; - \u043f\u0435\u0440\u0435\u0432\u043e\u0434 \u0434\u043e\u043a\u0443\u043c\u0435\u043d\u0442\u043e\u0432 \u0438 \u043a\u043e\u043d\u0442\u0435\u043d\u0442\u0430 \u0432 \u041c\u043e\u0441\u043a\u0432\u0435","robots":{"index":"index","follow":"follow","max-snippet":"max-snippet:-1","max-image-preview":"max-image-preview:large","max-video-preview":"max-video-preview:-1"},"canonical":"https:\/\/aatranslate.com\/sl\/","og_locale":"sl_SI","og_type":"article","og_title":"Prevajalska agencija AATranslate - \u0411\u044e\u0440\u043e \u043f\u0435\u0440\u0435\u0432\u043e\u0434\u043e\u0432 &quot;\u0410\u0410\u0422&quot; - \u043f\u0435\u0440\u0435\u0432\u043e\u0434 \u0434\u043e\u043a\u0443\u043c\u0435\u043d\u0442\u043e\u0432 \u0438 \u043a\u043e\u043d\u0442\u0435\u043d\u0442\u0430 \u0432 \u041c\u043e\u0441\u043a\u0432\u0435","og_description":"Tehni\u010dno prevajanje Farmacevtska prevajanje Pravni prevodi Medicinski prevod Prevajanje ekonomskih Umetni\u0161ki prevod Prevajanje spletnih strani Prevajanje osebnih dokumentov Znanstveno prevajanje Prevajanje poslovnega Tolma\u010denje Prevajanje gradiva za medije","og_url":"https:\/\/aatranslate.com\/sl\/","og_site_name":"\u0411\u044e\u0440\u043e \u043f\u0435\u0440\u0435\u0432\u043e\u0434\u043e\u0432 &quot;\u0410\u0410\u0422&quot; - \u043f\u0435\u0440\u0435\u0432\u043e\u0434 \u0434\u043e\u043a\u0443\u043c\u0435\u043d\u0442\u043e\u0432 \u0438 \u043a\u043e\u043d\u0442\u0435\u043d\u0442\u0430 \u0432 \u041c\u043e\u0441\u043a\u0432\u0435","article_modified_time":"2025-08-21T04:22:57+00:00","twitter_card":"summary_large_image","twitter_misc":{"Est. reading time":"3 minute"},"schema":{"@context":"https:\/\/schema.org","@graph":[{"@type":"WebPage","@id":"https:\/\/aatranslate.com\/sl\/","url":"https:\/\/aatranslate.com\/sl\/","name":"Prevajalska agencija AATranslate - \u0411\u044e\u0440\u043e \u043f\u0435\u0440\u0435\u0432\u043e\u0434\u043e\u0432 &quot;\u0410\u0410\u0422&quot; - \u043f\u0435\u0440\u0435\u0432\u043e\u0434 \u0434\u043e\u043a\u0443\u043c\u0435\u043d\u0442\u043e\u0432 \u0438 \u043a\u043e\u043d\u0442\u0435\u043d\u0442\u0430 \u0432 \u041c\u043e\u0441\u043a\u0432\u0435","isPartOf":{"@id":"https:\/\/aatranslate.com\/sl\/#website"},"datePublished":"2022-02-05T10:43:47+00:00","dateModified":"2025-08-21T04:22:57+00:00","breadcrumb":{"@id":"https:\/\/aatranslate.com\/sl\/#breadcrumb"},"inLanguage":"sl-SI","potentialAction":[{"@type":"ReadAction","target":["https:\/\/aatranslate.com\/sl\/"]}]},{"@type":"BreadcrumbList","@id":"https:\/\/aatranslate.com\/sl\/#breadcrumb","itemListElement":[{"@type":"ListItem","position":1,"name":"\u0413\u043b\u0430\u0432\u043d\u0430\u044f \u0441\u0442\u0440\u0430\u043d\u0438\u0446\u0430","item":"https:\/\/aatranslate.com\/sl\/"},{"@type":"ListItem","position":2,"name":"Prevajalska agencija AATranslate"}]},{"@type":"WebSite","@id":"https:\/\/aatranslate.com\/sl\/#website","url":"https:\/\/aatranslate.com\/sl\/","name":"\u0411\u044e\u0440\u043e \u043f\u0435\u0440\u0435\u0432\u043e\u0434\u043e\u0432 &quot;\u0410\u0410\u0422&quot; - \u043f\u0435\u0440\u0435\u0432\u043e\u0434 \u0434\u043e\u043a\u0443\u043c\u0435\u043d\u0442\u043e\u0432 \u0438 \u043a\u043e\u043d\u0442\u0435\u043d\u0442\u0430 \u0432 \u041c\u043e\u0441\u043a\u0432\u0435","description":"\u0411\u044e\u0440\u043e \u043f\u0435\u0440\u0435\u0432\u043e\u0434\u043e\u0432 \u0410\u0410\u0422 \u0431\u044b\u0441\u0442\u0440\u043e \u0438 \u043a\u0430\u0447\u0435\u0441\u0442\u0432\u0435\u043d\u043d\u043e \u0432\u044b\u043f\u043e\u043b\u043d\u0438\u0442 \u043f\u0435\u0440\u0435\u0432\u043e\u0434 \u043b\u044e\u0431\u043e\u0439 \u0442\u0435\u043c\u0430\u0442\u0438\u043a\u0438, \u0441\u043b\u043e\u0436\u043d\u043e\u0441\u0442\u0438 \u0438 \u043e\u0431\u044a\u0435\u043c\u0430 \u0431\u043e\u043b\u0435\u0435 \u0447\u0435\u043c \u0441\u043e 100 \u044f\u0437\u044b\u043a\u043e\u0432. \u041d\u0438\u0437\u043a\u0438\u0435 \u0446\u0435\u043d\u044b \u0438 \u0431\u044b\u0441\u0442\u0440\u044b\u0435 \u0441\u0440\u043e\u043a\u0438","potentialAction":[{"@type":"SearchAction","target":{"@type":"EntryPoint","urlTemplate":"https:\/\/aatranslate.com\/sl\/?s={search_term_string}"},"query-input":{"@type":"PropertyValueSpecification","valueRequired":true,"valueName":"search_term_string"}}],"inLanguage":"sl-SI"}]}},"_links":{"self":[{"href":"https:\/\/aatranslate.com\/sl\/wp-json\/wp\/v2\/pages\/664","targetHints":{"allow":["GET"]}}],"collection":[{"href":"https:\/\/aatranslate.com\/sl\/wp-json\/wp\/v2\/pages"}],"about":[{"href":"https:\/\/aatranslate.com\/sl\/wp-json\/wp\/v2\/types\/page"}],"author":[{"embeddable":true,"href":"https:\/\/aatranslate.com\/sl\/wp-json\/wp\/v2\/users\/1"}],"replies":[{"embeddable":true,"href":"https:\/\/aatranslate.com\/sl\/wp-json\/wp\/v2\/comments?post=664"}],"version-history":[{"count":12,"href":"https:\/\/aatranslate.com\/sl\/wp-json\/wp\/v2\/pages\/664\/revisions"}],"predecessor-version":[{"id":938,"href":"https:\/\/aatranslate.com\/sl\/wp-json\/wp\/v2\/pages\/664\/revisions\/938"}],"wp:attachment":[{"href":"https:\/\/aatranslate.com\/sl\/wp-json\/wp\/v2\/media?parent=664"}],"curies":[{"name":"wp","href":"https:\/\/api.w.org\/{rel}","templated":true}]}}