{"id":648,"date":"2022-05-06T10:42:02","date_gmt":"2022-05-06T07:42:02","guid":{"rendered":"https:\/\/yaaandex.ru\/farmacevtski-prevodi\/"},"modified":"2022-06-17T14:54:54","modified_gmt":"2022-06-17T11:54:54","slug":"farmacevtski-prevodi","status":"publish","type":"page","link":"https:\/\/aatranslate.com\/sl\/farmacevtski-prevodi\/","title":{"rendered":"<span class=\"blue__text\">Farmacevtski<\/span> prevodi"},"content":{"rendered":"\n<div class=\"icon__cpunt\">\n<div class=\"icon__grid\">\n<div class=\"icon__v\">\n<div class=\"number__of__post\">1<\/div>\n<div><p class=\"ht2\">Na\u0161i prevajalci so na teko\u010dem<\/p>\n<p>Farmacevtsko dokumentacijo prevajamo \u017ee ve\u010d kot 15 let<\/p>\n<\/div>\n<\/div>\n<div class=\"icon__v\">\n<div class=\"number__of__post\">2<\/div>\n<div><p class=\"ht2\">Prevod na podlagi dejanskih izku\u0161enj<\/p>\n<p>Na\u0161i strokovnjaki imajo bogate izku\u0161nje na podro\u010dju farmacevtske proizvodnje<\/p>\n<\/div>\n<\/div>\n<div class=\"icon__v\">\n<div class=\"number__of__post\">3<\/div>\n<div><p class=\"ht2\">Prevajanje za posameznike in organizacije<\/p>\n<p>Prevajamo navodila za uporabo zdravil in farmakolo\u0161ke \u0161tudije<\/p>\n<\/div>\n<\/div>\n<\/div>\n<\/div>\n\n\n\n<h2>Na\u0161e <span class=\"blue__text\">farmacevtske prevajalske storitve<\/span><\/h2>\n<br><div class=\"r_uslugi__grid\">\n  <div class=\"plashka\">\n    <div class=\"plashaka__disc\"><p class=\"ht3 blue__text\">Farmacevtska dokumentacija<\/p><br><p class=\"left\">Licence, potrdila o kakovosti, potrdila o registraciji zdravil, poro\u010dila o klini\u010dnih preizkusih<\/p><br><br><a class=\"btncustom_m\">Naro\u010dite<\/a><\/div>\n    <img decoding=\"async\" class=\"img-s\" src=\"\/wp-content\/themes\/translate\/assets\/images\/farmacevticheskaya-dokumentaciya.jpg\"><\/div>\n  <div class=\"plashka\">\n    <div class=\"plashaka__disc\"><p class=\"ht3 blue__text\">Prevajanje farmakolo\u0161ke literature<\/p><br><p class=\"left\">Celotna znanstvena in poljudnoznanstvena literatura vseh vej farmacije in medicine<\/p><br><br><a class=\"btncustom_m\">Naro\u010dite<\/a><\/div>\n    <img decoding=\"async\" class=\"img-s\" src=\"\/wp-content\/themes\/translate\/assets\/images\/perevod-farm-dokumentacii.jpg\"><\/div>\n  <div class=\"plashka\">\n    <div class=\"plashaka__disc\"><p class=\"ht3 blue__text\">Kompleksen pristop <\/p><br><p class=\"left\">Popolna podpora za vse faze razvoja zdravila od nastanka do klini\u010dnih preizku\u0161enj<\/p><br><br><a class=\"btncustom_m\">Naro\u010dite<\/a><\/div>\n    <img decoding=\"async\" class=\"img-s\" src=\"\/wp-content\/themes\/translate\/assets\/images\/kompleksniy-podhod.jpg\"><\/div>\n<\/div>\n<br><br><p class=\"center\">Popolnoma vse teme in vrste prevajanja. Nujni prevod. Prilagoditev besedilnih materialov. <\/p>\n<br><br>\n","protected":false},"excerpt":{"rendered":"<p>1 Na\u0161i prevajalci so na teko\u010dem Farmacevtsko dokumentacijo prevajamo \u017ee ve\u010d kot 15 let 2 Prevod na podlagi dejanskih izku\u0161enj Na\u0161i strokovnjaki imajo bogate izku\u0161nje na podro\u010dju farmacevtske proizvodnje 3 Prevajanje za posameznike in organizacije Prevajamo navodila za uporabo zdravil in farmakolo\u0161ke \u0161tudije Na\u0161e farmacevtske prevajalske storitve Farmacevtska dokumentacija Licence, potrdila o kakovosti, potrdila o [&hellip;]<\/p>\n","protected":false},"author":1,"featured_media":0,"parent":0,"menu_order":0,"comment_status":"closed","ping_status":"closed","template":"","meta":{"footnotes":""},"class_list":["post-648","page","type-page","status-publish","hentry"],"yoast_head":"<!-- This site is optimized with the Yoast SEO plugin v27.5 - https:\/\/yoast.com\/product\/yoast-seo-wordpress\/ -->\n<title>&quot;AATtranslate&quot; - farmacevtski prevodi<\/title>\n<meta name=\"robots\" content=\"index, follow, max-snippet:-1, max-image-preview:large, max-video-preview:-1\" \/>\n<link rel=\"canonical\" href=\"https:\/\/aatranslate.com\/sl\/farmacevtski-prevodi\/\" \/>\n<meta property=\"og:locale\" content=\"sl_SI\" \/>\n<meta property=\"og:type\" content=\"article\" \/>\n<meta property=\"og:title\" content=\"&quot;AATtranslate&quot; - farmacevtski prevodi\" \/>\n<meta property=\"og:description\" content=\"1 Na\u0161i prevajalci so na teko\u010dem Farmacevtsko dokumentacijo prevajamo \u017ee ve\u010d kot 15 let 2 Prevod na podlagi dejanskih izku\u0161enj Na\u0161i strokovnjaki imajo bogate izku\u0161nje na podro\u010dju farmacevtske proizvodnje 3 Prevajanje za posameznike in organizacije Prevajamo navodila za uporabo zdravil in farmakolo\u0161ke \u0161tudije Na\u0161e farmacevtske prevajalske storitve Farmacevtska dokumentacija Licence, potrdila o kakovosti, potrdila o [&hellip;]\" \/>\n<meta property=\"og:url\" content=\"https:\/\/aatranslate.com\/sl\/farmacevtski-prevodi\/\" \/>\n<meta property=\"og:site_name\" content=\"\u0411\u044e\u0440\u043e \u043f\u0435\u0440\u0435\u0432\u043e\u0434\u043e\u0432 &quot;\u0410\u0410\u0422&quot; - \u043f\u0435\u0440\u0435\u0432\u043e\u0434 \u0434\u043e\u043a\u0443\u043c\u0435\u043d\u0442\u043e\u0432 \u0438 \u043a\u043e\u043d\u0442\u0435\u043d\u0442\u0430 \u0432 \u041c\u043e\u0441\u043a\u0432\u0435\" \/>\n<meta property=\"article:modified_time\" content=\"2022-06-17T11:54:54+00:00\" \/>\n<meta name=\"twitter:card\" content=\"summary_large_image\" \/>\n<meta name=\"twitter:label1\" content=\"Est. reading time\" \/>\n\t<meta name=\"twitter:data1\" content=\"2 minuti\" \/>\n<script type=\"application\/ld+json\" class=\"yoast-schema-graph\">{\"@context\":\"https:\\\/\\\/schema.org\",\"@graph\":[{\"@type\":\"WebPage\",\"@id\":\"https:\\\/\\\/aatranslate.com\\\/sl\\\/farmacevtski-prevodi\\\/\",\"url\":\"https:\\\/\\\/aatranslate.com\\\/sl\\\/farmacevtski-prevodi\\\/\",\"name\":\"\\\"AATtranslate\\\" - farmacevtski prevodi\",\"isPartOf\":{\"@id\":\"https:\\\/\\\/aatranslate.com\\\/sl\\\/#website\"},\"datePublished\":\"2022-05-06T07:42:02+00:00\",\"dateModified\":\"2022-06-17T11:54:54+00:00\",\"breadcrumb\":{\"@id\":\"https:\\\/\\\/aatranslate.com\\\/sl\\\/farmacevtski-prevodi\\\/#breadcrumb\"},\"inLanguage\":\"sl-SI\",\"potentialAction\":[{\"@type\":\"ReadAction\",\"target\":[\"https:\\\/\\\/aatranslate.com\\\/sl\\\/farmacevtski-prevodi\\\/\"]}]},{\"@type\":\"BreadcrumbList\",\"@id\":\"https:\\\/\\\/aatranslate.com\\\/sl\\\/farmacevtski-prevodi\\\/#breadcrumb\",\"itemListElement\":[{\"@type\":\"ListItem\",\"position\":1,\"name\":\"\u0413\u043b\u0430\u0432\u043d\u0430\u044f \u0441\u0442\u0440\u0430\u043d\u0438\u0446\u0430\",\"item\":\"https:\\\/\\\/aatranslate.com\\\/sl\\\/\"},{\"@type\":\"ListItem\",\"position\":2,\"name\":\"Farmacevtski prevodi\"}]},{\"@type\":\"WebSite\",\"@id\":\"https:\\\/\\\/aatranslate.com\\\/sl\\\/#website\",\"url\":\"https:\\\/\\\/aatranslate.com\\\/sl\\\/\",\"name\":\"\u0411\u044e\u0440\u043e \u043f\u0435\u0440\u0435\u0432\u043e\u0434\u043e\u0432 &quot;\u0410\u0410\u0422&quot; - \u043f\u0435\u0440\u0435\u0432\u043e\u0434 \u0434\u043e\u043a\u0443\u043c\u0435\u043d\u0442\u043e\u0432 \u0438 \u043a\u043e\u043d\u0442\u0435\u043d\u0442\u0430 \u0432 \u041c\u043e\u0441\u043a\u0432\u0435\",\"description\":\"\u0411\u044e\u0440\u043e \u043f\u0435\u0440\u0435\u0432\u043e\u0434\u043e\u0432 \u0410\u0410\u0422 \u0431\u044b\u0441\u0442\u0440\u043e \u0438 \u043a\u0430\u0447\u0435\u0441\u0442\u0432\u0435\u043d\u043d\u043e \u0432\u044b\u043f\u043e\u043b\u043d\u0438\u0442 \u043f\u0435\u0440\u0435\u0432\u043e\u0434 \u043b\u044e\u0431\u043e\u0439 \u0442\u0435\u043c\u0430\u0442\u0438\u043a\u0438, \u0441\u043b\u043e\u0436\u043d\u043e\u0441\u0442\u0438 \u0438 \u043e\u0431\u044a\u0435\u043c\u0430 \u0431\u043e\u043b\u0435\u0435 \u0447\u0435\u043c \u0441\u043e 100 \u044f\u0437\u044b\u043a\u043e\u0432. \u041d\u0438\u0437\u043a\u0438\u0435 \u0446\u0435\u043d\u044b \u0438 \u0431\u044b\u0441\u0442\u0440\u044b\u0435 \u0441\u0440\u043e\u043a\u0438\",\"potentialAction\":[{\"@type\":\"SearchAction\",\"target\":{\"@type\":\"EntryPoint\",\"urlTemplate\":\"https:\\\/\\\/aatranslate.com\\\/sl\\\/?s={search_term_string}\"},\"query-input\":{\"@type\":\"PropertyValueSpecification\",\"valueRequired\":true,\"valueName\":\"search_term_string\"}}],\"inLanguage\":\"sl-SI\"}]}<\/script>\n<!-- \/ Yoast SEO plugin. -->","yoast_head_json":{"title":"\"AATtranslate\" - farmacevtski prevodi","robots":{"index":"index","follow":"follow","max-snippet":"max-snippet:-1","max-image-preview":"max-image-preview:large","max-video-preview":"max-video-preview:-1"},"canonical":"https:\/\/aatranslate.com\/sl\/farmacevtski-prevodi\/","og_locale":"sl_SI","og_type":"article","og_title":"\"AATtranslate\" - farmacevtski prevodi","og_description":"1 Na\u0161i prevajalci so na teko\u010dem Farmacevtsko dokumentacijo prevajamo \u017ee ve\u010d kot 15 let 2 Prevod na podlagi dejanskih izku\u0161enj Na\u0161i strokovnjaki imajo bogate izku\u0161nje na podro\u010dju farmacevtske proizvodnje 3 Prevajanje za posameznike in organizacije Prevajamo navodila za uporabo zdravil in farmakolo\u0161ke \u0161tudije Na\u0161e farmacevtske prevajalske storitve Farmacevtska dokumentacija Licence, potrdila o kakovosti, potrdila o [&hellip;]","og_url":"https:\/\/aatranslate.com\/sl\/farmacevtski-prevodi\/","og_site_name":"\u0411\u044e\u0440\u043e \u043f\u0435\u0440\u0435\u0432\u043e\u0434\u043e\u0432 &quot;\u0410\u0410\u0422&quot; - \u043f\u0435\u0440\u0435\u0432\u043e\u0434 \u0434\u043e\u043a\u0443\u043c\u0435\u043d\u0442\u043e\u0432 \u0438 \u043a\u043e\u043d\u0442\u0435\u043d\u0442\u0430 \u0432 \u041c\u043e\u0441\u043a\u0432\u0435","article_modified_time":"2022-06-17T11:54:54+00:00","twitter_card":"summary_large_image","twitter_misc":{"Est. reading time":"2 minuti"},"schema":{"@context":"https:\/\/schema.org","@graph":[{"@type":"WebPage","@id":"https:\/\/aatranslate.com\/sl\/farmacevtski-prevodi\/","url":"https:\/\/aatranslate.com\/sl\/farmacevtski-prevodi\/","name":"\"AATtranslate\" - farmacevtski prevodi","isPartOf":{"@id":"https:\/\/aatranslate.com\/sl\/#website"},"datePublished":"2022-05-06T07:42:02+00:00","dateModified":"2022-06-17T11:54:54+00:00","breadcrumb":{"@id":"https:\/\/aatranslate.com\/sl\/farmacevtski-prevodi\/#breadcrumb"},"inLanguage":"sl-SI","potentialAction":[{"@type":"ReadAction","target":["https:\/\/aatranslate.com\/sl\/farmacevtski-prevodi\/"]}]},{"@type":"BreadcrumbList","@id":"https:\/\/aatranslate.com\/sl\/farmacevtski-prevodi\/#breadcrumb","itemListElement":[{"@type":"ListItem","position":1,"name":"\u0413\u043b\u0430\u0432\u043d\u0430\u044f \u0441\u0442\u0440\u0430\u043d\u0438\u0446\u0430","item":"https:\/\/aatranslate.com\/sl\/"},{"@type":"ListItem","position":2,"name":"Farmacevtski prevodi"}]},{"@type":"WebSite","@id":"https:\/\/aatranslate.com\/sl\/#website","url":"https:\/\/aatranslate.com\/sl\/","name":"\u0411\u044e\u0440\u043e \u043f\u0435\u0440\u0435\u0432\u043e\u0434\u043e\u0432 &quot;\u0410\u0410\u0422&quot; - \u043f\u0435\u0440\u0435\u0432\u043e\u0434 \u0434\u043e\u043a\u0443\u043c\u0435\u043d\u0442\u043e\u0432 \u0438 \u043a\u043e\u043d\u0442\u0435\u043d\u0442\u0430 \u0432 \u041c\u043e\u0441\u043a\u0432\u0435","description":"\u0411\u044e\u0440\u043e \u043f\u0435\u0440\u0435\u0432\u043e\u0434\u043e\u0432 \u0410\u0410\u0422 \u0431\u044b\u0441\u0442\u0440\u043e \u0438 \u043a\u0430\u0447\u0435\u0441\u0442\u0432\u0435\u043d\u043d\u043e \u0432\u044b\u043f\u043e\u043b\u043d\u0438\u0442 \u043f\u0435\u0440\u0435\u0432\u043e\u0434 \u043b\u044e\u0431\u043e\u0439 \u0442\u0435\u043c\u0430\u0442\u0438\u043a\u0438, \u0441\u043b\u043e\u0436\u043d\u043e\u0441\u0442\u0438 \u0438 \u043e\u0431\u044a\u0435\u043c\u0430 \u0431\u043e\u043b\u0435\u0435 \u0447\u0435\u043c \u0441\u043e 100 \u044f\u0437\u044b\u043a\u043e\u0432. \u041d\u0438\u0437\u043a\u0438\u0435 \u0446\u0435\u043d\u044b \u0438 \u0431\u044b\u0441\u0442\u0440\u044b\u0435 \u0441\u0440\u043e\u043a\u0438","potentialAction":[{"@type":"SearchAction","target":{"@type":"EntryPoint","urlTemplate":"https:\/\/aatranslate.com\/sl\/?s={search_term_string}"},"query-input":{"@type":"PropertyValueSpecification","valueRequired":true,"valueName":"search_term_string"}}],"inLanguage":"sl-SI"}]}},"_links":{"self":[{"href":"https:\/\/aatranslate.com\/sl\/wp-json\/wp\/v2\/pages\/648","targetHints":{"allow":["GET"]}}],"collection":[{"href":"https:\/\/aatranslate.com\/sl\/wp-json\/wp\/v2\/pages"}],"about":[{"href":"https:\/\/aatranslate.com\/sl\/wp-json\/wp\/v2\/types\/page"}],"author":[{"embeddable":true,"href":"https:\/\/aatranslate.com\/sl\/wp-json\/wp\/v2\/users\/1"}],"replies":[{"embeddable":true,"href":"https:\/\/aatranslate.com\/sl\/wp-json\/wp\/v2\/comments?post=648"}],"version-history":[{"count":3,"href":"https:\/\/aatranslate.com\/sl\/wp-json\/wp\/v2\/pages\/648\/revisions"}],"predecessor-version":[{"id":779,"href":"https:\/\/aatranslate.com\/sl\/wp-json\/wp\/v2\/pages\/648\/revisions\/779"}],"wp:attachment":[{"href":"https:\/\/aatranslate.com\/sl\/wp-json\/wp\/v2\/media?parent=648"}],"curies":[{"name":"wp","href":"https:\/\/api.w.org\/{rel}","templated":true}]}}