{"id":647,"date":"2022-05-06T13:35:17","date_gmt":"2022-05-06T10:35:17","guid":{"rendered":"https:\/\/yaaandex.ru\/legalizacija-in-notarska-overitev-prevodov\/"},"modified":"2022-06-17T18:17:53","modified_gmt":"2022-06-17T15:17:53","slug":"legalizacija-in-notarska-overitev-prevodov","status":"publish","type":"page","link":"https:\/\/aatranslate.com\/sl\/legalizacija-in-notarska-overitev-prevodov\/","title":{"rendered":"Legalizacija in notarska overitev prevodov"},"content":{"rendered":"\n<div class=\"icon__cpunt\">\n<div class=\"icon__grid\">\n<div class=\"icon__v\">\n<div class=\"number__of__post\">1<\/div>\n<div><p class=\"ht2\">Prevajalec in notar na enem mestu<\/p>\n<p>Cenimo va\u0161 \u010das, zato va\u0161ih listin ne bomo samo prevedli, temve\u010d jih bomo tudi notarsko overili <\/p>\n<\/div>\n<\/div>\n<div class=\"icon__v\">\n<div class=\"number__of__post\">2<\/div>\n<div><p class=\"ht2\">Samo natan\u010dnost in zanesljivost<\/p>\n<p>V notarsko overjenem prevodu so napake ali neto\u010dnosti nesprejemljive! Tega se strogo dr\u017eimo <\/p>\n<\/div>\n<\/div>\n<div class=\"icon__v\">\n<div class=\"number__of__post\">3<\/div>\n<div><p class=\"ht2\">Skladnost z mednarodnimi notarskimi standardi<\/p>\n<p>Dokumente prevajamo v skladu z zahtevami ciljne dr\u017eave<\/p>\n<\/div>\n<\/div>\n<\/div>\n<\/div>\n\n\n\n<h2>Na\u0161e storitve <span class=\"blue__text\">legalizacije in notarske overitve<\/span><\/h2>\n<br><div class=\"r_uslugi__grid\">\n  <div class=\"plashka\">\n    <div class=\"plashaka__disc\"><p class=\"ht3 blue__text\">Prevajanje korporativnih dokumentov<\/p><br><p class=\"left\">Notarsko overjen prevod za poslovanje z namenom privabljanja tujih nalo\u017eb ali zaposlovanja tujcev<\/p><br><br><a class=\"btncustom_m\">Naro\u010dite<\/a><\/div>\n    <img decoding=\"async\" class=\"img-s\" src=\"\/wp-content\/themes\/translate\/assets\/images\/pomogem-s-biznes-perevodom.jpg\"><\/div>\n  <div class=\"plashka\">\n    <div class=\"plashaka__disc\"><p class=\"ht3 blue__text\">Apostille<\/p><br><p class=\"left\">Apostille na kopijah in prevodih dokumentov za njihovo uporabo v tujini<\/p><br><br><a class=\"btncustom_m\">Naro\u010dite<\/a><\/div>\n    <img decoding=\"async\" class=\"img-s\" src=\"\/wp-content\/themes\/translate\/assets\/images\/dokumentooborot.jpg\"><\/div>\n  <div class=\"plashka\">\n    <div class=\"plashaka__disc\"><p class=\"ht3 blue__text\">Prevajanje zasebnih dokumentov<\/p><br><p class=\"left\">Notarsko overjeni prevod diplome, potnega lista, rojstnega lista in drugih dokumentov <\/p><br><br><a class=\"btncustom_m\">Naro\u010dite<\/a><\/div>\n    <img decoding=\"async\" class=\"img-s\" src=\"\/wp-content\/themes\/translate\/assets\/images\/konsultirovanie.jpg\"><\/div>\n<\/div>\n<br><br><p class=\"center\">Popolnoma vse teme in vrste prevajanja. Nujni prevod. Prilagoditev besedilnih materialov. <\/p>\n<br><h3>Zakaj potrebujemo legalizacijo in notarsko overitev dokumentov<\/h3>\n<br><p>Notarsko overimo prevode vseh vrst dokumentov v vse jezike sveta v kratkem \u010dasu. Notarsko overjene prevode pripravljamo v skladu z zahtevami dr\u017eavnih organov in migracijskih slu\u017eb po vsem svetu. <\/p>\n<p>Zaradi kompetentne izvedbe so na\u0161i notarsko overjeni prevodi sprejeti v tujini brez dodatnih \u00bbdodatnih prevodov\u00ab in finan\u010dnih stro\u0161kov. Pokli\u010dite nas ali pi\u0161ite in takoj vam bomo svetovali. Prevajanje in overitev bomo za\u010deli takoj po va\u0161em klicu ali pisni potrditvi.<\/p>\n<p>Apostille lahko postavimo na vse vrste osebnih in drugih uradnih dokumentov, tudi na diplome.<\/p>\n<br><br>\n","protected":false},"excerpt":{"rendered":"<p>1 Prevajalec in notar na enem mestu Cenimo va\u0161 \u010das, zato va\u0161ih listin ne bomo samo prevedli, temve\u010d jih bomo tudi notarsko overili 2 Samo natan\u010dnost in zanesljivost V notarsko overjenem prevodu so napake ali neto\u010dnosti nesprejemljive! Tega se strogo dr\u017eimo 3 Skladnost z mednarodnimi notarskimi standardi Dokumente prevajamo v skladu z zahtevami ciljne dr\u017eave [&hellip;]<\/p>\n","protected":false},"author":1,"featured_media":0,"parent":0,"menu_order":0,"comment_status":"closed","ping_status":"closed","template":"","meta":{"footnotes":""},"class_list":["post-647","page","type-page","status-publish","hentry"],"yoast_head":"<!-- This site is optimized with the Yoast SEO plugin v27.6 - https:\/\/yoast.com\/product\/yoast-seo-wordpress\/ -->\n<title>&quot;AATranslate&quot; - legalizacija in notarska overitev prevodov<\/title>\n<meta name=\"robots\" content=\"index, follow, max-snippet:-1, max-image-preview:large, max-video-preview:-1\" \/>\n<link rel=\"canonical\" href=\"https:\/\/aatranslate.com\/sl\/legalizacija-in-notarska-overitev-prevodov\/\" \/>\n<meta property=\"og:locale\" content=\"sl_SI\" \/>\n<meta property=\"og:type\" content=\"article\" \/>\n<meta property=\"og:title\" content=\"&quot;AATranslate&quot; - legalizacija in notarska overitev prevodov\" \/>\n<meta property=\"og:description\" content=\"1 Prevajalec in notar na enem mestu Cenimo va\u0161 \u010das, zato va\u0161ih listin ne bomo samo prevedli, temve\u010d jih bomo tudi notarsko overili 2 Samo natan\u010dnost in zanesljivost V notarsko overjenem prevodu so napake ali neto\u010dnosti nesprejemljive! Tega se strogo dr\u017eimo 3 Skladnost z mednarodnimi notarskimi standardi Dokumente prevajamo v skladu z zahtevami ciljne dr\u017eave [&hellip;]\" \/>\n<meta property=\"og:url\" content=\"https:\/\/aatranslate.com\/sl\/legalizacija-in-notarska-overitev-prevodov\/\" \/>\n<meta property=\"og:site_name\" content=\"\u0411\u044e\u0440\u043e \u043f\u0435\u0440\u0435\u0432\u043e\u0434\u043e\u0432 &quot;\u0410\u0410\u0422&quot; - \u043f\u0435\u0440\u0435\u0432\u043e\u0434 \u0434\u043e\u043a\u0443\u043c\u0435\u043d\u0442\u043e\u0432 \u0438 \u043a\u043e\u043d\u0442\u0435\u043d\u0442\u0430 \u0432 \u041c\u043e\u0441\u043a\u0432\u0435\" \/>\n<meta property=\"article:modified_time\" content=\"2022-06-17T15:17:53+00:00\" \/>\n<meta name=\"twitter:card\" content=\"summary_large_image\" \/>\n<meta name=\"twitter:label1\" content=\"Est. reading time\" \/>\n\t<meta name=\"twitter:data1\" content=\"2 minuti\" \/>\n<script type=\"application\/ld+json\" class=\"yoast-schema-graph\">{\"@context\":\"https:\\\/\\\/schema.org\",\"@graph\":[{\"@type\":\"WebPage\",\"@id\":\"https:\\\/\\\/aatranslate.com\\\/sl\\\/legalizacija-in-notarska-overitev-prevodov\\\/\",\"url\":\"https:\\\/\\\/aatranslate.com\\\/sl\\\/legalizacija-in-notarska-overitev-prevodov\\\/\",\"name\":\"\\\"AATranslate\\\" - legalizacija in notarska overitev prevodov\",\"isPartOf\":{\"@id\":\"https:\\\/\\\/aatranslate.com\\\/sl\\\/#website\"},\"datePublished\":\"2022-05-06T10:35:17+00:00\",\"dateModified\":\"2022-06-17T15:17:53+00:00\",\"breadcrumb\":{\"@id\":\"https:\\\/\\\/aatranslate.com\\\/sl\\\/legalizacija-in-notarska-overitev-prevodov\\\/#breadcrumb\"},\"inLanguage\":\"sl-SI\",\"potentialAction\":[{\"@type\":\"ReadAction\",\"target\":[\"https:\\\/\\\/aatranslate.com\\\/sl\\\/legalizacija-in-notarska-overitev-prevodov\\\/\"]}]},{\"@type\":\"BreadcrumbList\",\"@id\":\"https:\\\/\\\/aatranslate.com\\\/sl\\\/legalizacija-in-notarska-overitev-prevodov\\\/#breadcrumb\",\"itemListElement\":[{\"@type\":\"ListItem\",\"position\":1,\"name\":\"\u0413\u043b\u0430\u0432\u043d\u0430\u044f \u0441\u0442\u0440\u0430\u043d\u0438\u0446\u0430\",\"item\":\"https:\\\/\\\/aatranslate.com\\\/sl\\\/\"},{\"@type\":\"ListItem\",\"position\":2,\"name\":\"Legalizacija in notarska overitev prevodov\"}]},{\"@type\":\"WebSite\",\"@id\":\"https:\\\/\\\/aatranslate.com\\\/sl\\\/#website\",\"url\":\"https:\\\/\\\/aatranslate.com\\\/sl\\\/\",\"name\":\"\u0411\u044e\u0440\u043e \u043f\u0435\u0440\u0435\u0432\u043e\u0434\u043e\u0432 &quot;\u0410\u0410\u0422&quot; - \u043f\u0435\u0440\u0435\u0432\u043e\u0434 \u0434\u043e\u043a\u0443\u043c\u0435\u043d\u0442\u043e\u0432 \u0438 \u043a\u043e\u043d\u0442\u0435\u043d\u0442\u0430 \u0432 \u041c\u043e\u0441\u043a\u0432\u0435\",\"description\":\"\u0411\u044e\u0440\u043e \u043f\u0435\u0440\u0435\u0432\u043e\u0434\u043e\u0432 \u0410\u0410\u0422 \u0431\u044b\u0441\u0442\u0440\u043e \u0438 \u043a\u0430\u0447\u0435\u0441\u0442\u0432\u0435\u043d\u043d\u043e \u0432\u044b\u043f\u043e\u043b\u043d\u0438\u0442 \u043f\u0435\u0440\u0435\u0432\u043e\u0434 \u043b\u044e\u0431\u043e\u0439 \u0442\u0435\u043c\u0430\u0442\u0438\u043a\u0438, \u0441\u043b\u043e\u0436\u043d\u043e\u0441\u0442\u0438 \u0438 \u043e\u0431\u044a\u0435\u043c\u0430 \u0431\u043e\u043b\u0435\u0435 \u0447\u0435\u043c \u0441\u043e 100 \u044f\u0437\u044b\u043a\u043e\u0432. \u041d\u0438\u0437\u043a\u0438\u0435 \u0446\u0435\u043d\u044b \u0438 \u0431\u044b\u0441\u0442\u0440\u044b\u0435 \u0441\u0440\u043e\u043a\u0438\",\"potentialAction\":[{\"@type\":\"SearchAction\",\"target\":{\"@type\":\"EntryPoint\",\"urlTemplate\":\"https:\\\/\\\/aatranslate.com\\\/sl\\\/?s={search_term_string}\"},\"query-input\":{\"@type\":\"PropertyValueSpecification\",\"valueRequired\":true,\"valueName\":\"search_term_string\"}}],\"inLanguage\":\"sl-SI\"}]}<\/script>\n<!-- \/ Yoast SEO plugin. -->","yoast_head_json":{"title":"\"AATranslate\" - legalizacija in notarska overitev prevodov","robots":{"index":"index","follow":"follow","max-snippet":"max-snippet:-1","max-image-preview":"max-image-preview:large","max-video-preview":"max-video-preview:-1"},"canonical":"https:\/\/aatranslate.com\/sl\/legalizacija-in-notarska-overitev-prevodov\/","og_locale":"sl_SI","og_type":"article","og_title":"\"AATranslate\" - legalizacija in notarska overitev prevodov","og_description":"1 Prevajalec in notar na enem mestu Cenimo va\u0161 \u010das, zato va\u0161ih listin ne bomo samo prevedli, temve\u010d jih bomo tudi notarsko overili 2 Samo natan\u010dnost in zanesljivost V notarsko overjenem prevodu so napake ali neto\u010dnosti nesprejemljive! Tega se strogo dr\u017eimo 3 Skladnost z mednarodnimi notarskimi standardi Dokumente prevajamo v skladu z zahtevami ciljne dr\u017eave [&hellip;]","og_url":"https:\/\/aatranslate.com\/sl\/legalizacija-in-notarska-overitev-prevodov\/","og_site_name":"\u0411\u044e\u0440\u043e \u043f\u0435\u0440\u0435\u0432\u043e\u0434\u043e\u0432 &quot;\u0410\u0410\u0422&quot; - \u043f\u0435\u0440\u0435\u0432\u043e\u0434 \u0434\u043e\u043a\u0443\u043c\u0435\u043d\u0442\u043e\u0432 \u0438 \u043a\u043e\u043d\u0442\u0435\u043d\u0442\u0430 \u0432 \u041c\u043e\u0441\u043a\u0432\u0435","article_modified_time":"2022-06-17T15:17:53+00:00","twitter_card":"summary_large_image","twitter_misc":{"Est. reading time":"2 minuti"},"schema":{"@context":"https:\/\/schema.org","@graph":[{"@type":"WebPage","@id":"https:\/\/aatranslate.com\/sl\/legalizacija-in-notarska-overitev-prevodov\/","url":"https:\/\/aatranslate.com\/sl\/legalizacija-in-notarska-overitev-prevodov\/","name":"\"AATranslate\" - legalizacija in notarska overitev prevodov","isPartOf":{"@id":"https:\/\/aatranslate.com\/sl\/#website"},"datePublished":"2022-05-06T10:35:17+00:00","dateModified":"2022-06-17T15:17:53+00:00","breadcrumb":{"@id":"https:\/\/aatranslate.com\/sl\/legalizacija-in-notarska-overitev-prevodov\/#breadcrumb"},"inLanguage":"sl-SI","potentialAction":[{"@type":"ReadAction","target":["https:\/\/aatranslate.com\/sl\/legalizacija-in-notarska-overitev-prevodov\/"]}]},{"@type":"BreadcrumbList","@id":"https:\/\/aatranslate.com\/sl\/legalizacija-in-notarska-overitev-prevodov\/#breadcrumb","itemListElement":[{"@type":"ListItem","position":1,"name":"\u0413\u043b\u0430\u0432\u043d\u0430\u044f \u0441\u0442\u0440\u0430\u043d\u0438\u0446\u0430","item":"https:\/\/aatranslate.com\/sl\/"},{"@type":"ListItem","position":2,"name":"Legalizacija in notarska overitev prevodov"}]},{"@type":"WebSite","@id":"https:\/\/aatranslate.com\/sl\/#website","url":"https:\/\/aatranslate.com\/sl\/","name":"\u0411\u044e\u0440\u043e \u043f\u0435\u0440\u0435\u0432\u043e\u0434\u043e\u0432 &quot;\u0410\u0410\u0422&quot; - \u043f\u0435\u0440\u0435\u0432\u043e\u0434 \u0434\u043e\u043a\u0443\u043c\u0435\u043d\u0442\u043e\u0432 \u0438 \u043a\u043e\u043d\u0442\u0435\u043d\u0442\u0430 \u0432 \u041c\u043e\u0441\u043a\u0432\u0435","description":"\u0411\u044e\u0440\u043e \u043f\u0435\u0440\u0435\u0432\u043e\u0434\u043e\u0432 \u0410\u0410\u0422 \u0431\u044b\u0441\u0442\u0440\u043e \u0438 \u043a\u0430\u0447\u0435\u0441\u0442\u0432\u0435\u043d\u043d\u043e \u0432\u044b\u043f\u043e\u043b\u043d\u0438\u0442 \u043f\u0435\u0440\u0435\u0432\u043e\u0434 \u043b\u044e\u0431\u043e\u0439 \u0442\u0435\u043c\u0430\u0442\u0438\u043a\u0438, \u0441\u043b\u043e\u0436\u043d\u043e\u0441\u0442\u0438 \u0438 \u043e\u0431\u044a\u0435\u043c\u0430 \u0431\u043e\u043b\u0435\u0435 \u0447\u0435\u043c \u0441\u043e 100 \u044f\u0437\u044b\u043a\u043e\u0432. \u041d\u0438\u0437\u043a\u0438\u0435 \u0446\u0435\u043d\u044b \u0438 \u0431\u044b\u0441\u0442\u0440\u044b\u0435 \u0441\u0440\u043e\u043a\u0438","potentialAction":[{"@type":"SearchAction","target":{"@type":"EntryPoint","urlTemplate":"https:\/\/aatranslate.com\/sl\/?s={search_term_string}"},"query-input":{"@type":"PropertyValueSpecification","valueRequired":true,"valueName":"search_term_string"}}],"inLanguage":"sl-SI"}]}},"_links":{"self":[{"href":"https:\/\/aatranslate.com\/sl\/wp-json\/wp\/v2\/pages\/647","targetHints":{"allow":["GET"]}}],"collection":[{"href":"https:\/\/aatranslate.com\/sl\/wp-json\/wp\/v2\/pages"}],"about":[{"href":"https:\/\/aatranslate.com\/sl\/wp-json\/wp\/v2\/types\/page"}],"author":[{"embeddable":true,"href":"https:\/\/aatranslate.com\/sl\/wp-json\/wp\/v2\/users\/1"}],"replies":[{"embeddable":true,"href":"https:\/\/aatranslate.com\/sl\/wp-json\/wp\/v2\/comments?post=647"}],"version-history":[{"count":5,"href":"https:\/\/aatranslate.com\/sl\/wp-json\/wp\/v2\/pages\/647\/revisions"}],"predecessor-version":[{"id":799,"href":"https:\/\/aatranslate.com\/sl\/wp-json\/wp\/v2\/pages\/647\/revisions\/799"}],"wp:attachment":[{"href":"https:\/\/aatranslate.com\/sl\/wp-json\/wp\/v2\/media?parent=647"}],"curies":[{"name":"wp","href":"https:\/\/api.w.org\/{rel}","templated":true}]}}